{"id":266,"date":"2018-03-19T07:55:37","date_gmt":"2018-03-19T07:55:37","guid":{"rendered":"http:\/\/rebus.ba\/?page_id=266"},"modified":"2018-03-19T07:55:37","modified_gmt":"2018-03-19T07:55:37","slug":"fortigate","status":"publish","type":"page","link":"https:\/\/www.rebus.ba\/en\/fortigate\/","title":{"rendered":"FORTIGATE"},"content":{"rendered":"<p>[vc_row][vc_column][ctitle title=&#8221;FortiGate &#8211; Next Generation Firewall &#8211; UTM&#8221; font_size=&#8221;27&#8221;][\/vc_column][\/vc_row][vc_row][vc_column width=&#8221;1\/2&#8221;][vc_column_text]<\/p>\n<div class=\"wpb_text_column wpb_content_element vc_custom_1495459573840\">\n<div class=\"wpb_wrapper\">\n<p>FortiGate je u svijetu IT sigurnosnih mre\u017enih rje\u0161enja poznat kao\u00a0\u201cFlagship enterprise firewall platform\u201d. FortiGate ure\u0111aji su pogodni za instalaciju u bilo kojem okru\u017eenju, od malih SMB instalacija do velikih enterprise sustava. ure\u0111aji su dostupni od desktop varijanti do modela koji se mogu ugraditi u mre\u017ene ormare. Svi modeli pru\u017eaju veliki raspon funkcionalnosti u podru\u010dju mre\u017ene sigurnosti i usmjeravanja. U nastavku su nabrojane neke od klju\u010dnih mogu\u0107nosti ovakvih rje\u0161enja:<\/p>\n<\/div>\n<\/div>\n<div class=\"vc_row wpb_row vc_inner vc_row-fluid\">\n<div class=\"vc_column_container vc_col-sm-6\">\n<div class=\"wpb_wrapper vc_column-inner\">\n<div class=\"wpb_text_column wpb_content_element\">\n<div class=\"wpb_wrapper\">\n<ul>\n<li>Network security<\/li>\n<li>Data center security (physical and virtual)<\/li>\n<li>Cloud security<\/li>\n<li>Secure (wired and wireless) access<\/li>\n<li>Infrastructure security<\/li>\n<li>Content security<\/li>\n<li>Endpoint security<\/li>\n<li>Application Security<\/li>\n<\/ul>\n<\/div>\n<\/div>\n<\/div>\n<\/div>\n<\/div>\n<p>[\/vc_column_text][\/vc_column][vc_column width=&#8221;1\/2&#8221;][vc_single_image image=&#8221;260&#8221; img_size=&#8221;full&#8221;][\/vc_column][\/vc_row][vc_row][vc_column][vc_separator][\/vc_column][\/vc_row][vc_row][vc_column][vc_custom_heading text=&#8221;Tehnologija koja je implementirana u FortiGate rje\u0161enja&#8221; use_theme_fonts=&#8221;yes&#8221;][\/vc_column][\/vc_row][vc_row][vc_column width=&#8221;1\/2&#8221;][vc_column_text]<\/p>\n<h3>Firewall<\/h3>\n<p>Fortinetova firewall tehnologija omogu\u0107ava odli\u010dne performanse u za\u0161titi mre\u017enog prometa i aplikacija, uklju\u010duju\u0107i i Web 2.0 aplikacije, s propusnostima i preko 10 Gb\/s. Ova tehnologija omogu\u0107ava detekciju mre\u017enog prometa na osnovi\u00a0\u00a0uzoraka koje pojedina aplikacija generira. Povezivanjem ove tehnologije s tehnologijom firewalla FortiGate ure\u0111aji omogu\u0107avaju primjenu mre\u017ene sigurnosti u stvarnom vremenu. Na taj na\u010din pojednostavljena je primjena sigurnosnih rje\u0161enja u va\u0161im mre\u017eama.<\/p>\n<p><strong>Mogu\u0107nosti:<\/strong><\/p>\n<ul>\n<li>NAT, PAT and Transparement (Bridge)<\/li>\n<li>Policy-Based NAT<\/li>\n<li>SIP\/H.323\/SCCP NAT Traversal<\/li>\n<li>VLAN Tagging (802.1Q)<\/li>\n<li>IPv6 Support<\/li>\n<\/ul>\n<p>[\/vc_column_text][\/vc_column][vc_column width=&#8221;1\/2&#8221;][vc_column_text]<\/p>\n<h3>Antivirus \/ Antispyware<\/h3>\n<p>Antivirusna provjera sadr\u017eaja osigurava za\u0161titu od svih vrsta malwarea koji mo\u017ee ugroziti ra\u010dunalne mre\u017ee i klijentske sustave. Detekcijom i provjerom mre\u017enog prometa antivirusna za\u0161tita vas mo\u017ee za\u0161titi od ne\u017eeljenih posljedica koji zlonamjerni programi mogu u\u010diniti. FortiGuard pretplatni servisi omogu\u0107uju i osiguravaju automatsku obnovu sigurnosnih baza na ure\u0111ajima kako bi ure\u0111aji mogli \u0161titi mre\u017eni promet od ne\u017eeljenog sadr\u017eaja.<\/p>\n<p><strong>Podr\u017eane mogu\u0107nosti:<\/strong><\/p>\n<ul>\n<li>Automatic Database Updates<\/li>\n<li>Proxy Antirus<\/li>\n<li>Flow-based Antirus<\/li>\n<li>File Quarantine<\/li>\n<li>IPv6 Support<\/li>\n<\/ul>\n<p>[\/vc_column_text][\/vc_column][\/vc_row][vc_row][vc_column][vc_separator][\/vc_column][\/vc_row][vc_row][vc_column width=&#8221;1\/2&#8221;][vc_column_text]<\/p>\n<h3>VPN<\/h3>\n<p>Fortinetova VPN tehnologija osigurava sigurnu komunikaciju\u00a0izme\u0111u mre\u017ea i klijenata i to kori\u0161tenjem SSL VPN ili IPSec tehnologije. Oba servisa koriste Fortinet ASIC procesore kako bi ubrzali enkripciju i dekripciju VPN prometa. FortiGate VPN mogu\u0107nosti nadopunjuju se na ostale sigurnosne servise.<\/p>\n<p><strong>Mogu\u0107nosti:<\/strong><\/p>\n<ul>\n<li>IPSec and SSL VPN<\/li>\n<li>DES, 3DES, AES and SHA-1\/MD5 Authentication<\/li>\n<li>PPTP, L2TP, VPN Client Pass Through<\/li>\n<li>SSL Single Sign-On Bookmarks<\/li>\n<li>Two-Factor Authentication<\/li>\n<\/ul>\n<p>[\/vc_column_text][\/vc_column][vc_column width=&#8221;1\/2&#8221;][vc_column_text]<\/p>\n<h3>Intrusion Prevention<\/h3>\n<p>IPS tehnologija osigurava za\u0161titu od ranjivosti aplikacija i servisa kojima se pristupa preko FortiGate ure\u0111aja. Osim signature-based potpisa postoje i mogu\u0107nosti detekcija anomalija. FortiGuard tim je zadu\u017een za kreiranje novih potpisa i update IPS baze na ure\u0111ajima.<\/p>\n<p><strong>Podr\u017eane mogu\u0107nosti:<\/strong><\/p>\n<ul>\n<li>Automatic Attack Database Update<\/li>\n<li>Protocol Anomaly Support<\/li>\n<li>IPS and DoS Prevention Sensor<\/li>\n<li>Custom Signature Support<\/li>\n<li>IPv6 Support<\/li>\n<\/ul>\n<p>[\/vc_column_text][\/vc_column][\/vc_row][vc_row][vc_column][vc_separator][\/vc_column][\/vc_row][vc_row][vc_column width=&#8221;1\/2&#8221;][vc_column_text]<\/p>\n<h3>WAN Optimization<\/h3>\n<p>Wide Area Network (WAN) optimizacija osigurava ubrzanje aplikacija koje se pokre\u0107u izme\u0111u razli\u010ditih geografskih lokacija, osiguravaju\u0107i istovremenu inspekciju prometa. WAN optimizacija smanjuje koli\u010dinu prometa koji se razmjenjuje izme\u0111u poslu\u017eitelja i klijentskih sustava.<\/p>\n<p><strong>Mogu\u0107nosti:<\/strong><\/p>\n<ul>\n<li>Gateway-to-Gateway Optimization<\/li>\n<li>Bi-directional Gateway-to-client Optimization<\/li>\n<li>Web Caching<\/li>\n<li>Secure Tunnel<\/li>\n<li>Transparent Mode<\/li>\n<\/ul>\n<p>[\/vc_column_text][\/vc_column][vc_column width=&#8221;1\/2&#8221;][vc_column_text]<\/p>\n<h3>SSL Inspection<\/h3>\n<p>SSL inspekcija prometa \u0161titi klijente i ra\u010dunalne mre\u017ee od malwarea koji je smje\u0161ten unutar SSL prometa i koji obi\u010dni sustavi ne mogu detektirati. SSL inspekcija presre\u0107e kriptirani promet i radi provjeru prije isporuke krajnjem primatelju. SSL inspekcija se mo\u017ee primijeniti i na komunikaciju od klijenata prema serverima na Internetu i na komunikaciju prema servisima koji su smje\u0161teni unutar ra\u010dunalne mre\u017ee (publishing, port fowarding).<\/p>\n<p><strong>Mogu\u0107nosti:<\/strong><\/p>\n<ul>\n<li>Protocol: HTTPS, SMTPS, POP3S, IMAPS<\/li>\n<li>Inspection support: Antivirus, Web Filtering, Antispam, Data Loss Prevention<\/li>\n<li>SSL Offload<\/li>\n<\/ul>\n<p>[\/vc_column_text][\/vc_column][\/vc_row][vc_row][vc_column][vc_separator][\/vc_column][\/vc_row][vc_row][vc_column width=&#8221;1\/2&#8221;][vc_column_text]<\/p>\n<h3>End-Point NAC<\/h3>\n<p>Endpoint NAC provjerava status FortiClient endpoint instalacije i ovisno o njenom statusu dozvoljava ili zabranjuje pristup klijenata mre\u017enim resursima. Klijenti koji nisu uskla\u0111eni sa svim zahtjevima (verzija klijenta, status antivirusa) mogu se \u00a0privremeno postaviti u izoliranu mre\u017eu.<\/p>\n<p><strong>Mogu\u0107nosti:<\/strong><\/p>\n<ul>\n<li>Monitor &amp; Control Hosts Running FortiClient<\/li>\n<li>Vulnerability Scanning of Network Nodes<\/li>\n<li>Quarantine Portal<\/li>\n<li>Application Detection and Control<\/li>\n<li>Built-in Application Database<\/li>\n<\/ul>\n<p>[\/vc_column_text][\/vc_column][vc_column width=&#8221;1\/2&#8221;][vc_column_text]<\/p>\n<h3>Data Loss Prevention<\/h3>\n<p>Data Loss Prevention (DLP) koristi napredne metode koje mogu detektirati i blokirati povjerljivi promet koji izlazi iz na\u0161ih ra\u010dunalnih mre\u017ea prema Internetu, \u010dak iako se radi i o kriptiranoj komunikaciji. FortiGate DLP omogu\u0107ava i spremanje logova o svim DLP doga\u0111ajima, \u00a0zbog potreba revizija IT sustava. Neke od opcija su logiranje, blokiranje i postavljanje korisnika u karantenu.<\/p>\n<p><strong>Mogu\u0107nosti:<\/strong><\/p>\n<ul>\n<li>Identification And Control Over Data in Motion<\/li>\n<li>Built-in Pattern Database<\/li>\n<li>RegEx Based Matching Engine<\/li>\n<li>Common File Format Inspection<\/li>\n<li>International Character Sets Supported<\/li>\n<\/ul>\n<p>[\/vc_column_text][\/vc_column][\/vc_row][vc_row][vc_column][vc_separator][\/vc_column][\/vc_row][vc_row][vc_column width=&#8221;1\/2&#8221;][vc_column_text]<\/p>\n<h3>SSL-Encrypted Traffic Inspection<\/h3>\n<p>SSL inspekcija presre\u0107e kriptirani promet i provjerava ga na prijetnje prije isporuke po\u0161iljatelju. SSL inspekcija se mo\u017ee primijeniti na promet klijenata prema Internetu, kao i na promet s Interneta prema objavljenim lokanim aplikacijama. SSL inspekcija pove\u0107ava sigurnost na\u0161ih sustava provjerom SSL prometa, koji ima sve ve\u0107i postotak u udjelu web prometa.<\/p>\n<p><strong>Mogu\u0107nosti:<\/strong><\/p>\n<ul>\n<li>Protocol support:<\/li>\n<li>HTTPS, SMTPS, POP3S, IMAPS<\/li>\n<li>Inspection support: Antivirus, Web Filtering, Antispam, Data Loss Prevention, SSL Offload<\/li>\n<\/ul>\n<p>[\/vc_column_text][\/vc_column][vc_column width=&#8221;1\/2&#8221;][vc_column_text]<\/p>\n<h3>Logging, Reporting &amp; Monitoring<\/h3>\n<p>FortiGate ure\u0111aji omogu\u0107avaju napredne mogu\u0107nosti logiranja prometa. Osim logiranja mre\u017enog prometa tu su i mogu\u0107nosti logiranja sistemskih i sigurnosnih doga\u0111aja. U novijim verzijama posebno su unaprije\u0111ene grafi\u010dke mogu\u0107nosti prikaza logova. Lokalni izvje\u0161taji omogu\u0107avaju pregled trenutnih i pro\u0161lih sigurnosnih doga\u0111aja na ovakvim sustavima.<\/p>\n<p><strong>Mogu\u0107nosti:<\/strong><\/p>\n<ul>\n<li>Internal Log storage and Report Generation<\/li>\n<li>Graphical Real-Time and Historical Monitoring<\/li>\n<li>Graphical Report Scheduling Support<\/li>\n<li>Optional FortiAnalyzer Logging (including per VDOM)<\/li>\n<li>Optional FortiGuard Analysis and Management Service<\/li>\n<\/ul>\n<p>[\/vc_column_text][\/vc_column][\/vc_row][vc_row][vc_column][vc_separator][\/vc_column][\/vc_row][vc_row][vc_column width=&#8221;1\/2&#8221;][vc_column_text]<\/p>\n<h3>Web Filtering<\/h3>\n<p>Web filtriranje omogu\u0107ava zaustavljanje pristupa web zlonamjernim stranicama (phishing, malware). Dodatno s ovom opcijom mo\u017ee se ograni\u010diti pristup korisnika prema stranicama koje se smatraju neprikladnim ili neproduktivnim \u00a0za poslovno okru\u017eenje.<\/p>\n<p><strong>Mogu\u0107nosti:<\/strong><\/p>\n<ul>\n<li>HTTP\/HTTPS Filtering<\/li>\n<li>URL \/ Keyword \/ Phrase<\/li>\n<li>Block Blocks Java Applet, Cookies or Active X<\/li>\n<li>MIME Content Header Filtering<\/li>\n<li>IPv6 Support<\/li>\n<\/ul>\n<p>[\/vc_column_text][\/vc_column][vc_column width=&#8221;1\/2&#8221;][vc_column_text]<\/p>\n<h3>Virtual Domains<\/h3>\n<p>Virtualne domene \u00a0(VDOMs) omogu\u0107avaju jednom FortiGate ure\u0111aju da se podijeli na vi\u0161e virtualnih ure\u0111aja. Svaki VDOM sadr\u017ei svoje objekte, mre\u017ee, routing tablice, mre\u017ena su\u010delja, lokalne administratore. S ovakvim pristupom virtualnh ure\u0111aja omogu\u0107eno je smanjenje kompleksnosti mre\u017ene infrastukture.<\/p>\n<p><strong>Mogu\u0107nosti:<\/strong><\/p>\n<ul>\n<li>Separate Firewall \/ Routing Domains<\/li>\n<li>Separate Administrative Domains<\/li>\n<li>Separate VLAN Interfaces<\/li>\n<\/ul>\n<p>[\/vc_column_text][\/vc_column][\/vc_row][vc_row][vc_column][vc_separator][\/vc_column][\/vc_row][vc_row][vc_column width=&#8221;1\/2&#8221;][vc_column_text]<\/p>\n<h3>Application Control<\/h3>\n<p>Kontrola aplikacija omogu\u0107ava detekciju vi\u0161e od 2000 aplikacija pomo\u0107u potpisa koja svaka aplikacija ostavlja u mre\u017enom prometu. Postoje velike mogu\u0107nosti primjene kontrola aplikacija, mogu\u0107nost granularnosti prema korisnicima i grupama, primjena ograni\u010davanja prometa prema veli\u010dini.<\/p>\n<p><strong>Mogu\u0107nosti:<\/strong><\/p>\n<ul>\n<li>Identify and Control Over 2000 Applications<\/li>\n<li>Traffic Shaping (Per Application)<\/li>\n<li>Control Popular IM\/P2P Apps Regardless of Port \/ Protocol<\/li>\n<li>Popular Applications include: AOL-IM, Yahoo, MSN, KaZaa, ICQ, Gnutella, BitTorrent, MySpace, WinNY, Skype, eDonkey, Facebook, and more<\/li>\n<\/ul>\n<p>[\/vc_column_text][\/vc_column][vc_column width=&#8221;1\/2&#8221;][vc_column_text]<\/p>\n<h3>Setup \/ Configuration Options<\/h3>\n<p>Sve FortiGate funkcionalnosti se mogu konfigurirati preko web konzole ili CLI pristupa. Na ovaj na\u010din nije potreban nikakav dodatan alat, servis ili server za bilo kakvu konfiguraciju naprednih mogu\u0107nosti.<\/p>\n<p><strong>Mogu\u0107nosti:<\/strong><\/p>\n<ul>\n<li>FortiExplorer Setup Wizard over USB (FG-60C\/FWF-60C Only)<\/li>\n<li>Web-based User Interface<\/li>\n<li>Command Line Interface (CLI) over serial connection<\/li>\n<li>Pre-Configured settings from USB drive<\/li>\n<\/ul>\n<p>[\/vc_column_text][\/vc_column][\/vc_row][vc_row][vc_column][vc_separator][\/vc_column][\/vc_row][vc_row][vc_column width=&#8221;1\/2&#8221;][vc_column_text]<\/p>\n<h3>High Availability (Redundancy)<\/h3>\n<p>Konfiguriranjem sustava visoke dostupnosti (HA)\u00a0pove\u0107ava se dostupnost ovakvih sustava i pove\u0107anje performansi. Dva ili vi\u0161e ure\u0111aja rade kao jedan jedinstveni ure\u0111aj u HA modu. Dostupne su dvije opcije: Active-Passive ili Active-Active cluster. Za pode\u0161avanje HA sustava nije potrebna nikakva dodatna licenca.<\/p>\n<p><strong>Mogu\u0107nosti:<\/strong><\/p>\n<ul>\n<li>Active-Active and Active-Passive<\/li>\n<li>Stateful Failover (FW and VPN)<\/li>\n<li>Link State Monitor and Failover<\/li>\n<li>Device Failure Detection and Notification<\/li>\n<li>Server Load Balancing<\/li>\n<\/ul>\n<p>[\/vc_column_text][\/vc_column][vc_column width=&#8221;1\/2&#8221;][vc_column_text]<\/p>\n<h3>Wireless Controller<\/h3>\n<p>Svi Fortigate i FortiWifi ure\u0111aji u sebi imaju integrirani wireless kontroler koji omogu\u0107ava upravljanje FortiAP be\u017ei\u010dnim pristupnim to\u010dkama. S ovakvim pristupom mogu\u0107e je dozvoliti isti pristup i za be\u017ei\u010dne korisnike i za korisnike koji se spajaju preko LAN mre\u017ee.<\/p>\n<p><strong>Mogu\u0107nosti:<\/strong><\/p>\n<ul>\n<li>Managed and Monitor FortiAP product<\/li>\n<li>Rogue AP Detection, Control and Reporting<\/li>\n<li>Virtual AP with different SSID<\/li>\n<\/ul>\n<p>[\/vc_column_text][\/vc_column][\/vc_row][vc_row][vc_column][vc_separator][\/vc_column][\/vc_row]<\/p>","protected":false},"excerpt":{"rendered":"<p>[vc_row][vc_column][ctitle title=&#8221;FortiGate &#8211; Next Generation Firewall &#8211; UTM&#8221; font_size=&#8221;27&#8221;][\/vc_column][\/vc_row][vc_row][vc_column width=&#8221;1\/2&#8221;][vc_column_text] FortiGate je u svijetu IT sigurnosnih mre\u017enih rje\u0161enja poznat kao\u00a0\u201cFlagship enterprise firewall platform\u201d. FortiGate ure\u0111aji su pogodni za instalaciju u bilo kojem okru\u017eenju, od malih SMB instalacija do velikih enterprise sustava. ure\u0111aji su dostupni od desktop varijanti do modela koji se mogu ugraditi u mre\u017ene [&hellip;]<\/p>","protected":false},"author":1,"featured_media":0,"parent":0,"menu_order":0,"comment_status":"closed","ping_status":"closed","template":"","meta":{"footnotes":""},"class_list":["post-266","page","type-page","status-publish","hentry"],"yoast_head":"<!-- This site is optimized with the Yoast SEO plugin v24.9 - https:\/\/yoast.com\/wordpress\/plugins\/seo\/ -->\n<title>FORTIGATE - Rebus d.o.o.<\/title>\n<meta name=\"robots\" content=\"index, follow, max-snippet:-1, max-image-preview:large, max-video-preview:-1\" \/>\n<link rel=\"canonical\" href=\"https:\/\/www.rebus.ba\/en\/fortigate\/\" \/>\n<meta property=\"og:locale\" content=\"en_GB\" \/>\n<meta property=\"og:type\" content=\"article\" \/>\n<meta property=\"og:title\" content=\"FORTIGATE - Rebus d.o.o.\" \/>\n<meta property=\"og:description\" content=\"[vc_row][vc_column][ctitle title=&#8221;FortiGate &#8211; Next Generation Firewall &#8211; UTM&#8221; font_size=&#8221;27&#8221;][\/vc_column][\/vc_row][vc_row][vc_column width=&#8221;1\/2&#8221;][vc_column_text] FortiGate je u svijetu IT sigurnosnih mre\u017enih rje\u0161enja poznat kao\u00a0\u201cFlagship enterprise firewall platform\u201d. FortiGate ure\u0111aji su pogodni za instalaciju u bilo kojem okru\u017eenju, od malih SMB instalacija do velikih enterprise sustava. ure\u0111aji su dostupni od desktop varijanti do modela koji se mogu ugraditi u mre\u017ene [&hellip;]\" \/>\n<meta property=\"og:url\" content=\"https:\/\/www.rebus.ba\/en\/fortigate\/\" \/>\n<meta property=\"og:site_name\" content=\"Rebus d.o.o.\" \/>\n<meta name=\"twitter:card\" content=\"summary_large_image\" \/>\n<meta name=\"twitter:label1\" content=\"Estimated reading time\" \/>\n\t<meta name=\"twitter:data1\" content=\"8 minutes\" \/>\n<script type=\"application\/ld+json\" class=\"yoast-schema-graph\">{\"@context\":\"https:\/\/schema.org\",\"@graph\":[{\"@type\":\"WebPage\",\"@id\":\"https:\/\/www.rebus.ba\/fortigate\/\",\"url\":\"https:\/\/www.rebus.ba\/fortigate\/\",\"name\":\"FORTIGATE - Rebus d.o.o.\",\"isPartOf\":{\"@id\":\"https:\/\/www.rebus.ba\/#website\"},\"datePublished\":\"2018-03-19T07:55:37+00:00\",\"breadcrumb\":{\"@id\":\"https:\/\/www.rebus.ba\/fortigate\/#breadcrumb\"},\"inLanguage\":\"en-GB\",\"potentialAction\":[{\"@type\":\"ReadAction\",\"target\":[\"https:\/\/www.rebus.ba\/fortigate\/\"]}]},{\"@type\":\"BreadcrumbList\",\"@id\":\"https:\/\/www.rebus.ba\/fortigate\/#breadcrumb\",\"itemListElement\":[{\"@type\":\"ListItem\",\"position\":1,\"name\":\"Home\",\"item\":\"https:\/\/www.rebus.ba\/\"},{\"@type\":\"ListItem\",\"position\":2,\"name\":\"FORTIGATE\"}]},{\"@type\":\"WebSite\",\"@id\":\"https:\/\/www.rebus.ba\/#website\",\"url\":\"https:\/\/www.rebus.ba\/\",\"name\":\"Rebus d.o.o.\",\"description\":\"\",\"potentialAction\":[{\"@type\":\"SearchAction\",\"target\":{\"@type\":\"EntryPoint\",\"urlTemplate\":\"https:\/\/www.rebus.ba\/?s={search_term_string}\"},\"query-input\":{\"@type\":\"PropertyValueSpecification\",\"valueRequired\":true,\"valueName\":\"search_term_string\"}}],\"inLanguage\":\"en-GB\"}]}<\/script>\n<!-- \/ Yoast SEO plugin. -->","yoast_head_json":{"title":"FORTIGATE - Rebus d.o.o.","robots":{"index":"index","follow":"follow","max-snippet":"max-snippet:-1","max-image-preview":"max-image-preview:large","max-video-preview":"max-video-preview:-1"},"canonical":"https:\/\/www.rebus.ba\/en\/fortigate\/","og_locale":"en_GB","og_type":"article","og_title":"FORTIGATE - Rebus d.o.o.","og_description":"[vc_row][vc_column][ctitle title=&#8221;FortiGate &#8211; Next Generation Firewall &#8211; UTM&#8221; font_size=&#8221;27&#8221;][\/vc_column][\/vc_row][vc_row][vc_column width=&#8221;1\/2&#8221;][vc_column_text] FortiGate je u svijetu IT sigurnosnih mre\u017enih rje\u0161enja poznat kao\u00a0\u201cFlagship enterprise firewall platform\u201d. FortiGate ure\u0111aji su pogodni za instalaciju u bilo kojem okru\u017eenju, od malih SMB instalacija do velikih enterprise sustava. ure\u0111aji su dostupni od desktop varijanti do modela koji se mogu ugraditi u mre\u017ene [&hellip;]","og_url":"https:\/\/www.rebus.ba\/en\/fortigate\/","og_site_name":"Rebus d.o.o.","twitter_card":"summary_large_image","twitter_misc":{"Estimated reading time":"8 minutes"},"schema":{"@context":"https:\/\/schema.org","@graph":[{"@type":"WebPage","@id":"https:\/\/www.rebus.ba\/fortigate\/","url":"https:\/\/www.rebus.ba\/fortigate\/","name":"FORTIGATE - Rebus d.o.o.","isPartOf":{"@id":"https:\/\/www.rebus.ba\/#website"},"datePublished":"2018-03-19T07:55:37+00:00","breadcrumb":{"@id":"https:\/\/www.rebus.ba\/fortigate\/#breadcrumb"},"inLanguage":"en-GB","potentialAction":[{"@type":"ReadAction","target":["https:\/\/www.rebus.ba\/fortigate\/"]}]},{"@type":"BreadcrumbList","@id":"https:\/\/www.rebus.ba\/fortigate\/#breadcrumb","itemListElement":[{"@type":"ListItem","position":1,"name":"Home","item":"https:\/\/www.rebus.ba\/"},{"@type":"ListItem","position":2,"name":"FORTIGATE"}]},{"@type":"WebSite","@id":"https:\/\/www.rebus.ba\/#website","url":"https:\/\/www.rebus.ba\/","name":"Rebus d.o.o.","description":"","potentialAction":[{"@type":"SearchAction","target":{"@type":"EntryPoint","urlTemplate":"https:\/\/www.rebus.ba\/?s={search_term_string}"},"query-input":{"@type":"PropertyValueSpecification","valueRequired":true,"valueName":"search_term_string"}}],"inLanguage":"en-GB"}]}},"jetpack_sharing_enabled":true,"_links":{"self":[{"href":"https:\/\/www.rebus.ba\/en\/wp-json\/wp\/v2\/pages\/266","targetHints":{"allow":["GET"]}}],"collection":[{"href":"https:\/\/www.rebus.ba\/en\/wp-json\/wp\/v2\/pages"}],"about":[{"href":"https:\/\/www.rebus.ba\/en\/wp-json\/wp\/v2\/types\/page"}],"author":[{"embeddable":true,"href":"https:\/\/www.rebus.ba\/en\/wp-json\/wp\/v2\/users\/1"}],"replies":[{"embeddable":true,"href":"https:\/\/www.rebus.ba\/en\/wp-json\/wp\/v2\/comments?post=266"}],"version-history":[{"count":0,"href":"https:\/\/www.rebus.ba\/en\/wp-json\/wp\/v2\/pages\/266\/revisions"}],"wp:attachment":[{"href":"https:\/\/www.rebus.ba\/en\/wp-json\/wp\/v2\/media?parent=266"}],"curies":[{"name":"wp","href":"https:\/\/api.w.org\/{rel}","templated":true}]}}