{"id":216,"date":"2016-02-11T13:38:39","date_gmt":"2016-02-11T13:38:39","guid":{"rendered":"http:\/\/rebus.ba\/?page_id=216"},"modified":"2024-01-08T13:10:59","modified_gmt":"2024-01-08T13:10:59","slug":"web-i-e-mail","status":"publish","type":"page","link":"https:\/\/www.rebus.ba\/en\/web-i-e-mail\/","title":{"rendered":"Web i e-mail"},"content":{"rendered":"<h2 class=\"wp-block-heading\">Web stranica kao ogledalo firme.<\/h2>\n\n\n\n<p>Iako kod nas, prete\u017eno u malim i srednjim firmama, jo\u0161 uvjek vlada mi\u0161ljenje da je web stranica &#8220;ne\u0161to&#8221; \u0161to se treba imati radi adrese i telefona, ljudi postaju svjesni va\u017enosti online prezentacije i postojanja u &#8220;www&#8221; svijetu.<\/p>\n\n\n\n<p>Ono \u0161to prvo preporu\u010dujemo klijentima, je da urade web stranicu koja \u0107e koristiti njima samima u cilju bolje promocije i prezentacije usluga i proizvoda.<\/p>\n\n\n\n<h2 class=\"wp-block-heading\">Planiranje<\/h2>\n\n\n\n<p>Kada postanete svjesni va\u017enosti posjedovanja kvalitetne web prezentacije, Mi smo tu da vam pru\u017eimo ekspertizu u kvalitetnom planiranju i dizajnu web stranice.<\/p>\n\n\n\n<h2 class=\"wp-block-heading\">Dizajn<\/h2>\n\n\n\n<p>Tehnologije su danas u konstantnom razvoju, tako da treba voditi ra\u010duna da va\u0161a web stranica bude uvjek u trendu sa aktuelnom tehnologijom. To konkretno zna\u010di da ako imate web stranicu, a ona nije recimo &#8220;responsive&#8221; dizajna, velika je vjerovatno\u0107a da \u0107ete izgubiti ve\u0107i broj posjetitelja koji je ne\u0107e otvoriti iz jednostavnog razloga zato \u0161to se nikako ili lo\u0161 prikazuje na mobilnim ure\u0111ajima. Kako mobilni ure\u0111aji predstavljaju ve\u0107inu, kada su u pitanju ure\u0111aji sa kojih se otvaraju web stranice, normalno je da treba povesti ra\u010duna da web stranica bude takva da daje optimalan prikaz na takvim ure\u0111ajima.<\/p>\n\n\n\n<h2 class=\"wp-block-heading\">Izrada i testiranje<\/h2>\n\n\n\n<p>Kada smo pro\u0161li proces planiranja i dizajna, kre\u0107emo na sam proces kona\u010dne izrade web stranice u odgovara\u0107oj tehnologiji.<\/p>\n\n\n\n<h2 class=\"wp-block-heading\">SEO<\/h2>\n\n\n\n<p>&#8220;Search Engine Optimatisation&#8221; je proces kojim se sadr\u017eaj web stranice prilago\u0111ava kako bi bio \u0161to bolje rangiran u tra\u017eilicama ti Google ili Bing. Da bi se to postiglo, moraju se po\u0161tovati odre\u0111ena pravila i preporuke kako u samom procesu izrade tako i u postavljanju sadr\u017eaja na web stranici. Zato smo mi tu da vam pomognemo.<\/p>\n\n\n\n<h2 class=\"wp-block-heading\">Odr\u017eavanje<\/h2>\n\n\n\n<p>Nakon \u0161to se stranica zavr\u0161i i postavi na server, potrebno je i odr\u017eavati kako bi njen sadr\u017eaj bio aktuelan i kako bi krajnji korisnici dobili aktualne i a\u017eurne informacije.<\/p>","protected":false},"excerpt":{"rendered":"<p>Web stranica kao ogledalo firme. Iako kod nas, prete\u017eno u malim i srednjim firmama, jo\u0161 uvjek vlada mi\u0161ljenje da je web stranica &#8220;ne\u0161to&#8221; \u0161to se treba imati radi adrese i telefona, ljudi postaju svjesni va\u017enosti online prezentacije i postojanja u &#8220;www&#8221; svijetu. Ono \u0161to prvo preporu\u010dujemo klijentima, je da urade web stranicu koja \u0107e koristiti [&hellip;]<\/p>","protected":false},"author":1,"featured_media":0,"parent":0,"menu_order":0,"comment_status":"closed","ping_status":"closed","template":"","meta":{"footnotes":""},"class_list":["post-216","page","type-page","status-publish","hentry"],"yoast_head":"<!-- This site is optimized with the Yoast SEO plugin v24.9 - https:\/\/yoast.com\/wordpress\/plugins\/seo\/ -->\n<title>Web i e-mail - Rebus d.o.o.<\/title>\n<meta name=\"robots\" content=\"index, follow, max-snippet:-1, max-image-preview:large, max-video-preview:-1\" \/>\n<link rel=\"canonical\" href=\"https:\/\/www.rebus.ba\/en\/web-i-e-mail\/\" \/>\n<meta property=\"og:locale\" content=\"en_GB\" \/>\n<meta property=\"og:type\" content=\"article\" \/>\n<meta property=\"og:title\" content=\"Web i e-mail - Rebus d.o.o.\" \/>\n<meta property=\"og:description\" content=\"Web stranica kao ogledalo firme. Iako kod nas, prete\u017eno u malim i srednjim firmama, jo\u0161 uvjek vlada mi\u0161ljenje da je web stranica &#8220;ne\u0161to&#8221; \u0161to se treba imati radi adrese i telefona, ljudi postaju svjesni va\u017enosti online prezentacije i postojanja u &#8220;www&#8221; svijetu. Ono \u0161to prvo preporu\u010dujemo klijentima, je da urade web stranicu koja \u0107e koristiti [&hellip;]\" \/>\n<meta property=\"og:url\" content=\"https:\/\/www.rebus.ba\/en\/web-i-e-mail\/\" \/>\n<meta property=\"og:site_name\" content=\"Rebus d.o.o.\" \/>\n<meta property=\"article:modified_time\" content=\"2024-01-08T13:10:59+00:00\" \/>\n<meta name=\"twitter:card\" content=\"summary_large_image\" \/>\n<meta name=\"twitter:label1\" content=\"Estimated reading time\" \/>\n\t<meta name=\"twitter:data1\" content=\"2 minutes\" \/>\n<script type=\"application\/ld+json\" class=\"yoast-schema-graph\">{\"@context\":\"https:\/\/schema.org\",\"@graph\":[{\"@type\":\"WebPage\",\"@id\":\"https:\/\/www.rebus.ba\/web-i-e-mail\/\",\"url\":\"https:\/\/www.rebus.ba\/web-i-e-mail\/\",\"name\":\"Web i e-mail - Rebus d.o.o.\",\"isPartOf\":{\"@id\":\"https:\/\/www.rebus.ba\/#website\"},\"datePublished\":\"2016-02-11T13:38:39+00:00\",\"dateModified\":\"2024-01-08T13:10:59+00:00\",\"breadcrumb\":{\"@id\":\"https:\/\/www.rebus.ba\/web-i-e-mail\/#breadcrumb\"},\"inLanguage\":\"en-GB\",\"potentialAction\":[{\"@type\":\"ReadAction\",\"target\":[\"https:\/\/www.rebus.ba\/web-i-e-mail\/\"]}]},{\"@type\":\"BreadcrumbList\",\"@id\":\"https:\/\/www.rebus.ba\/web-i-e-mail\/#breadcrumb\",\"itemListElement\":[{\"@type\":\"ListItem\",\"position\":1,\"name\":\"Home\",\"item\":\"https:\/\/www.rebus.ba\/\"},{\"@type\":\"ListItem\",\"position\":2,\"name\":\"Web i e-mail\"}]},{\"@type\":\"WebSite\",\"@id\":\"https:\/\/www.rebus.ba\/#website\",\"url\":\"https:\/\/www.rebus.ba\/\",\"name\":\"Rebus d.o.o.\",\"description\":\"\",\"potentialAction\":[{\"@type\":\"SearchAction\",\"target\":{\"@type\":\"EntryPoint\",\"urlTemplate\":\"https:\/\/www.rebus.ba\/?s={search_term_string}\"},\"query-input\":{\"@type\":\"PropertyValueSpecification\",\"valueRequired\":true,\"valueName\":\"search_term_string\"}}],\"inLanguage\":\"en-GB\"}]}<\/script>\n<!-- \/ Yoast SEO plugin. -->","yoast_head_json":{"title":"Web i e-mail - Rebus d.o.o.","robots":{"index":"index","follow":"follow","max-snippet":"max-snippet:-1","max-image-preview":"max-image-preview:large","max-video-preview":"max-video-preview:-1"},"canonical":"https:\/\/www.rebus.ba\/en\/web-i-e-mail\/","og_locale":"en_GB","og_type":"article","og_title":"Web i e-mail - Rebus d.o.o.","og_description":"Web stranica kao ogledalo firme. Iako kod nas, prete\u017eno u malim i srednjim firmama, jo\u0161 uvjek vlada mi\u0161ljenje da je web stranica &#8220;ne\u0161to&#8221; \u0161to se treba imati radi adrese i telefona, ljudi postaju svjesni va\u017enosti online prezentacije i postojanja u &#8220;www&#8221; svijetu. Ono \u0161to prvo preporu\u010dujemo klijentima, je da urade web stranicu koja \u0107e koristiti [&hellip;]","og_url":"https:\/\/www.rebus.ba\/en\/web-i-e-mail\/","og_site_name":"Rebus d.o.o.","article_modified_time":"2024-01-08T13:10:59+00:00","twitter_card":"summary_large_image","twitter_misc":{"Estimated reading time":"2 minutes"},"schema":{"@context":"https:\/\/schema.org","@graph":[{"@type":"WebPage","@id":"https:\/\/www.rebus.ba\/web-i-e-mail\/","url":"https:\/\/www.rebus.ba\/web-i-e-mail\/","name":"Web i e-mail - Rebus d.o.o.","isPartOf":{"@id":"https:\/\/www.rebus.ba\/#website"},"datePublished":"2016-02-11T13:38:39+00:00","dateModified":"2024-01-08T13:10:59+00:00","breadcrumb":{"@id":"https:\/\/www.rebus.ba\/web-i-e-mail\/#breadcrumb"},"inLanguage":"en-GB","potentialAction":[{"@type":"ReadAction","target":["https:\/\/www.rebus.ba\/web-i-e-mail\/"]}]},{"@type":"BreadcrumbList","@id":"https:\/\/www.rebus.ba\/web-i-e-mail\/#breadcrumb","itemListElement":[{"@type":"ListItem","position":1,"name":"Home","item":"https:\/\/www.rebus.ba\/"},{"@type":"ListItem","position":2,"name":"Web i e-mail"}]},{"@type":"WebSite","@id":"https:\/\/www.rebus.ba\/#website","url":"https:\/\/www.rebus.ba\/","name":"Rebus d.o.o.","description":"","potentialAction":[{"@type":"SearchAction","target":{"@type":"EntryPoint","urlTemplate":"https:\/\/www.rebus.ba\/?s={search_term_string}"},"query-input":{"@type":"PropertyValueSpecification","valueRequired":true,"valueName":"search_term_string"}}],"inLanguage":"en-GB"}]}},"jetpack_sharing_enabled":true,"_links":{"self":[{"href":"https:\/\/www.rebus.ba\/en\/wp-json\/wp\/v2\/pages\/216","targetHints":{"allow":["GET"]}}],"collection":[{"href":"https:\/\/www.rebus.ba\/en\/wp-json\/wp\/v2\/pages"}],"about":[{"href":"https:\/\/www.rebus.ba\/en\/wp-json\/wp\/v2\/types\/page"}],"author":[{"embeddable":true,"href":"https:\/\/www.rebus.ba\/en\/wp-json\/wp\/v2\/users\/1"}],"replies":[{"embeddable":true,"href":"https:\/\/www.rebus.ba\/en\/wp-json\/wp\/v2\/comments?post=216"}],"version-history":[{"count":1,"href":"https:\/\/www.rebus.ba\/en\/wp-json\/wp\/v2\/pages\/216\/revisions"}],"predecessor-version":[{"id":3049,"href":"https:\/\/www.rebus.ba\/en\/wp-json\/wp\/v2\/pages\/216\/revisions\/3049"}],"wp:attachment":[{"href":"https:\/\/www.rebus.ba\/en\/wp-json\/wp\/v2\/media?parent=216"}],"curies":[{"name":"wp","href":"https:\/\/api.w.org\/{rel}","templated":true}]}}