{"id":211,"date":"2016-02-11T12:02:12","date_gmt":"2016-02-11T12:02:12","guid":{"rendered":"http:\/\/rebus.ba\/?page_id=211"},"modified":"2024-01-08T13:10:39","modified_gmt":"2024-01-08T13:10:39","slug":"nabavka-it-opreme","status":"publish","type":"page","link":"https:\/\/www.rebus.ba\/en\/nabavka-it-opreme\/","title":{"rendered":"Nabavka IT opreme"},"content":{"rendered":"<h2 class=\"wp-block-heading\">Nabavka hardvera i softvera bez glavobolje.<\/h2>\n\n\n<div class=\"wp-block-image\">\n<figure class=\"alignleft\"><a href=\"https:\/\/sejkan.com\/rebus\/wp-content\/uploads\/2016\/02\/it-hardware.jpg\" rel=\"attachment wp-att-214\"><img fetchpriority=\"high\" decoding=\"async\" width=\"300\" height=\"209\" src=\"https:\/\/sejkan.com\/rebus\/wp-content\/uploads\/2016\/02\/it-hardware-300x209.jpg\" alt=\"it-hardware\" class=\"wp-image-214\"\/><\/a><\/figure>\n<\/div>\n\n\n<p>Umorni ste od traganja za pravom opremom koja ogovara va\u0161im potrebama? Neznate dali je ono \u0161to su vam ponudili preslabo za va\u0161e potrebe? Ili mo\u017eda ne \u017eelite da nabavljate skupu opremu koja vam nije potrebna?<\/p>\n\n\n\n<p>Kada vam je potrebna IT oprema ili software bilo koje vrste, \u017eelimo da naglasimo da kroz partnerske ugovore imamo mogu\u0107nost ponuditi opremu skoro svakog poznatog brenda kao Lenovo, IBM, Microsoft, HP, Dell, VMware i sl.<\/p>\n\n\n\n<p>Olak\u0161ajte svoje poslovanje tako \u0161to \u0107e vam Rebus postati <strong>one stop shop<\/strong> za nabavku IT opreme.<\/p>","protected":false},"excerpt":{"rendered":"<p>Nabavka hardvera i softvera bez glavobolje. Umorni ste od traganja za pravom opremom koja ogovara va\u0161im potrebama? Neznate dali je ono \u0161to su vam ponudili preslabo za va\u0161e potrebe? Ili mo\u017eda ne \u017eelite da nabavljate skupu opremu koja vam nije potrebna? Kada vam je potrebna IT oprema ili software bilo koje vrste, \u017eelimo da naglasimo [&hellip;]<\/p>","protected":false},"author":1,"featured_media":0,"parent":0,"menu_order":0,"comment_status":"closed","ping_status":"closed","template":"","meta":{"footnotes":""},"class_list":["post-211","page","type-page","status-publish","hentry"],"yoast_head":"<!-- This site is optimized with the Yoast SEO plugin v24.9 - https:\/\/yoast.com\/wordpress\/plugins\/seo\/ -->\n<title>Nabavka IT opreme - Rebus d.o.o.<\/title>\n<meta name=\"robots\" content=\"index, follow, max-snippet:-1, max-image-preview:large, max-video-preview:-1\" \/>\n<link rel=\"canonical\" href=\"https:\/\/www.rebus.ba\/en\/nabavka-it-opreme\/\" \/>\n<meta property=\"og:locale\" content=\"en_GB\" \/>\n<meta property=\"og:type\" content=\"article\" \/>\n<meta property=\"og:title\" content=\"Nabavka IT opreme - Rebus d.o.o.\" \/>\n<meta property=\"og:description\" content=\"Nabavka hardvera i softvera bez glavobolje. Umorni ste od traganja za pravom opremom koja ogovara va\u0161im potrebama? Neznate dali je ono \u0161to su vam ponudili preslabo za va\u0161e potrebe? Ili mo\u017eda ne \u017eelite da nabavljate skupu opremu koja vam nije potrebna? Kada vam je potrebna IT oprema ili software bilo koje vrste, \u017eelimo da naglasimo [&hellip;]\" \/>\n<meta property=\"og:url\" content=\"https:\/\/www.rebus.ba\/en\/nabavka-it-opreme\/\" \/>\n<meta property=\"og:site_name\" content=\"Rebus d.o.o.\" \/>\n<meta property=\"article:modified_time\" content=\"2024-01-08T13:10:39+00:00\" \/>\n<meta property=\"og:image\" content=\"https:\/\/sejkan.com\/rebus\/wp-content\/uploads\/2016\/02\/it-hardware-300x209.jpg\" \/>\n<meta name=\"twitter:card\" content=\"summary_large_image\" \/>\n<script type=\"application\/ld+json\" class=\"yoast-schema-graph\">{\"@context\":\"https:\/\/schema.org\",\"@graph\":[{\"@type\":\"WebPage\",\"@id\":\"https:\/\/www.rebus.ba\/nabavka-it-opreme\/\",\"url\":\"https:\/\/www.rebus.ba\/nabavka-it-opreme\/\",\"name\":\"Nabavka IT opreme - Rebus d.o.o.\",\"isPartOf\":{\"@id\":\"https:\/\/www.rebus.ba\/#website\"},\"primaryImageOfPage\":{\"@id\":\"https:\/\/www.rebus.ba\/nabavka-it-opreme\/#primaryimage\"},\"image\":{\"@id\":\"https:\/\/www.rebus.ba\/nabavka-it-opreme\/#primaryimage\"},\"thumbnailUrl\":\"https:\/\/sejkan.com\/rebus\/wp-content\/uploads\/2016\/02\/it-hardware-300x209.jpg\",\"datePublished\":\"2016-02-11T12:02:12+00:00\",\"dateModified\":\"2024-01-08T13:10:39+00:00\",\"breadcrumb\":{\"@id\":\"https:\/\/www.rebus.ba\/nabavka-it-opreme\/#breadcrumb\"},\"inLanguage\":\"en-GB\",\"potentialAction\":[{\"@type\":\"ReadAction\",\"target\":[\"https:\/\/www.rebus.ba\/nabavka-it-opreme\/\"]}]},{\"@type\":\"ImageObject\",\"inLanguage\":\"en-GB\",\"@id\":\"https:\/\/www.rebus.ba\/nabavka-it-opreme\/#primaryimage\",\"url\":\"https:\/\/sejkan.com\/rebus\/wp-content\/uploads\/2016\/02\/it-hardware-300x209.jpg\",\"contentUrl\":\"https:\/\/sejkan.com\/rebus\/wp-content\/uploads\/2016\/02\/it-hardware-300x209.jpg\"},{\"@type\":\"BreadcrumbList\",\"@id\":\"https:\/\/www.rebus.ba\/nabavka-it-opreme\/#breadcrumb\",\"itemListElement\":[{\"@type\":\"ListItem\",\"position\":1,\"name\":\"Home\",\"item\":\"https:\/\/www.rebus.ba\/\"},{\"@type\":\"ListItem\",\"position\":2,\"name\":\"Nabavka IT opreme\"}]},{\"@type\":\"WebSite\",\"@id\":\"https:\/\/www.rebus.ba\/#website\",\"url\":\"https:\/\/www.rebus.ba\/\",\"name\":\"Rebus d.o.o.\",\"description\":\"\",\"potentialAction\":[{\"@type\":\"SearchAction\",\"target\":{\"@type\":\"EntryPoint\",\"urlTemplate\":\"https:\/\/www.rebus.ba\/?s={search_term_string}\"},\"query-input\":{\"@type\":\"PropertyValueSpecification\",\"valueRequired\":true,\"valueName\":\"search_term_string\"}}],\"inLanguage\":\"en-GB\"}]}<\/script>\n<!-- \/ Yoast SEO plugin. -->","yoast_head_json":{"title":"Nabavka IT opreme - Rebus d.o.o.","robots":{"index":"index","follow":"follow","max-snippet":"max-snippet:-1","max-image-preview":"max-image-preview:large","max-video-preview":"max-video-preview:-1"},"canonical":"https:\/\/www.rebus.ba\/en\/nabavka-it-opreme\/","og_locale":"en_GB","og_type":"article","og_title":"Nabavka IT opreme - Rebus d.o.o.","og_description":"Nabavka hardvera i softvera bez glavobolje. Umorni ste od traganja za pravom opremom koja ogovara va\u0161im potrebama? Neznate dali je ono \u0161to su vam ponudili preslabo za va\u0161e potrebe? Ili mo\u017eda ne \u017eelite da nabavljate skupu opremu koja vam nije potrebna? Kada vam je potrebna IT oprema ili software bilo koje vrste, \u017eelimo da naglasimo [&hellip;]","og_url":"https:\/\/www.rebus.ba\/en\/nabavka-it-opreme\/","og_site_name":"Rebus d.o.o.","article_modified_time":"2024-01-08T13:10:39+00:00","og_image":[{"url":"https:\/\/sejkan.com\/rebus\/wp-content\/uploads\/2016\/02\/it-hardware-300x209.jpg","type":"","width":"","height":""}],"twitter_card":"summary_large_image","schema":{"@context":"https:\/\/schema.org","@graph":[{"@type":"WebPage","@id":"https:\/\/www.rebus.ba\/nabavka-it-opreme\/","url":"https:\/\/www.rebus.ba\/nabavka-it-opreme\/","name":"Nabavka IT opreme - Rebus d.o.o.","isPartOf":{"@id":"https:\/\/www.rebus.ba\/#website"},"primaryImageOfPage":{"@id":"https:\/\/www.rebus.ba\/nabavka-it-opreme\/#primaryimage"},"image":{"@id":"https:\/\/www.rebus.ba\/nabavka-it-opreme\/#primaryimage"},"thumbnailUrl":"https:\/\/sejkan.com\/rebus\/wp-content\/uploads\/2016\/02\/it-hardware-300x209.jpg","datePublished":"2016-02-11T12:02:12+00:00","dateModified":"2024-01-08T13:10:39+00:00","breadcrumb":{"@id":"https:\/\/www.rebus.ba\/nabavka-it-opreme\/#breadcrumb"},"inLanguage":"en-GB","potentialAction":[{"@type":"ReadAction","target":["https:\/\/www.rebus.ba\/nabavka-it-opreme\/"]}]},{"@type":"ImageObject","inLanguage":"en-GB","@id":"https:\/\/www.rebus.ba\/nabavka-it-opreme\/#primaryimage","url":"https:\/\/sejkan.com\/rebus\/wp-content\/uploads\/2016\/02\/it-hardware-300x209.jpg","contentUrl":"https:\/\/sejkan.com\/rebus\/wp-content\/uploads\/2016\/02\/it-hardware-300x209.jpg"},{"@type":"BreadcrumbList","@id":"https:\/\/www.rebus.ba\/nabavka-it-opreme\/#breadcrumb","itemListElement":[{"@type":"ListItem","position":1,"name":"Home","item":"https:\/\/www.rebus.ba\/"},{"@type":"ListItem","position":2,"name":"Nabavka IT opreme"}]},{"@type":"WebSite","@id":"https:\/\/www.rebus.ba\/#website","url":"https:\/\/www.rebus.ba\/","name":"Rebus d.o.o.","description":"","potentialAction":[{"@type":"SearchAction","target":{"@type":"EntryPoint","urlTemplate":"https:\/\/www.rebus.ba\/?s={search_term_string}"},"query-input":{"@type":"PropertyValueSpecification","valueRequired":true,"valueName":"search_term_string"}}],"inLanguage":"en-GB"}]}},"jetpack_sharing_enabled":true,"_links":{"self":[{"href":"https:\/\/www.rebus.ba\/en\/wp-json\/wp\/v2\/pages\/211","targetHints":{"allow":["GET"]}}],"collection":[{"href":"https:\/\/www.rebus.ba\/en\/wp-json\/wp\/v2\/pages"}],"about":[{"href":"https:\/\/www.rebus.ba\/en\/wp-json\/wp\/v2\/types\/page"}],"author":[{"embeddable":true,"href":"https:\/\/www.rebus.ba\/en\/wp-json\/wp\/v2\/users\/1"}],"replies":[{"embeddable":true,"href":"https:\/\/www.rebus.ba\/en\/wp-json\/wp\/v2\/comments?post=211"}],"version-history":[{"count":1,"href":"https:\/\/www.rebus.ba\/en\/wp-json\/wp\/v2\/pages\/211\/revisions"}],"predecessor-version":[{"id":3048,"href":"https:\/\/www.rebus.ba\/en\/wp-json\/wp\/v2\/pages\/211\/revisions\/3048"}],"wp:attachment":[{"href":"https:\/\/www.rebus.ba\/en\/wp-json\/wp\/v2\/media?parent=211"}],"curies":[{"name":"wp","href":"https:\/\/api.w.org\/{rel}","templated":true}]}}