{"id":201,"date":"2016-02-11T11:35:20","date_gmt":"2016-02-11T11:35:20","guid":{"rendered":"http:\/\/rebus.ba\/?page_id=201"},"modified":"2024-01-08T13:10:19","modified_gmt":"2024-01-08T13:10:19","slug":"specijalisticke-it-usluge","status":"publish","type":"page","link":"https:\/\/www.rebus.ba\/en\/specijalisticke-it-usluge\/","title":{"rendered":"Specijalisti\u010dke IT usluge"},"content":{"rendered":"<h2 class=\"wp-block-heading\">Pomo\u0107 onda kad vam je najpotrebnija.<\/h2>\n\n\n<div class=\"wp-block-image\">\n<figure class=\"alignleft\"><a href=\"https:\/\/sejkan.com\/rebus\/wp-content\/uploads\/2016\/02\/IT-slike-3-e1455191423899.jpg\" rel=\"attachment wp-att-207\"><img decoding=\"async\" src=\"http:\/\/rebus.ba\/wp-content\/uploads\/2016\/02\/IT-slike-3-300x200.jpg\" alt=\"IT slike (3)\" class=\"wp-image-207\"\/><\/a><\/figure>\n<\/div>\n\n\n<p>Ako imate potrebu za instalacijom exchange servera, konsultacije oko viritualizacije ili recimo setup VMware rje\u0161enja, Tu smo za vas. Na\u0161i certificirani tehni\u010dari \u0107e vam pru\u017eiti sve potrebne usluge.<\/p>\n\n\n\n<p>Ono o \u010demu vodimo ra\u010duna je to da klijent dobije uslugu koja mu je zaista potrebna i sve na jednom mjestu kako se nebi morali brinuti o IT stvarima, ve\u0107 se mo\u017eete posvetiti va\u0161em poslovanju.<\/p>","protected":false},"excerpt":{"rendered":"<p>Pomo\u0107 onda kad vam je najpotrebnija. Ako imate potrebu za instalacijom exchange servera, konsultacije oko viritualizacije ili recimo setup VMware rje\u0161enja, Tu smo za vas. Na\u0161i certificirani tehni\u010dari \u0107e vam pru\u017eiti sve potrebne usluge. Ono o \u010demu vodimo ra\u010duna je to da klijent dobije uslugu koja mu je zaista potrebna i sve na jednom mjestu [&hellip;]<\/p>","protected":false},"author":1,"featured_media":0,"parent":0,"menu_order":0,"comment_status":"closed","ping_status":"closed","template":"","meta":{"footnotes":""},"class_list":["post-201","page","type-page","status-publish","hentry"],"yoast_head":"<!-- This site is optimized with the Yoast SEO plugin v24.9 - https:\/\/yoast.com\/wordpress\/plugins\/seo\/ -->\n<title>Specijalisti\u010dke IT usluge - Rebus d.o.o.<\/title>\n<meta name=\"robots\" content=\"index, follow, max-snippet:-1, max-image-preview:large, max-video-preview:-1\" \/>\n<link rel=\"canonical\" href=\"https:\/\/www.rebus.ba\/en\/specijalisticke-it-usluge\/\" \/>\n<meta property=\"og:locale\" content=\"en_GB\" \/>\n<meta property=\"og:type\" content=\"article\" \/>\n<meta property=\"og:title\" content=\"Specijalisti\u010dke IT usluge - Rebus d.o.o.\" \/>\n<meta property=\"og:description\" content=\"Pomo\u0107 onda kad vam je najpotrebnija. Ako imate potrebu za instalacijom exchange servera, konsultacije oko viritualizacije ili recimo setup VMware rje\u0161enja, Tu smo za vas. Na\u0161i certificirani tehni\u010dari \u0107e vam pru\u017eiti sve potrebne usluge. Ono o \u010demu vodimo ra\u010duna je to da klijent dobije uslugu koja mu je zaista potrebna i sve na jednom mjestu [&hellip;]\" \/>\n<meta property=\"og:url\" content=\"https:\/\/www.rebus.ba\/en\/specijalisticke-it-usluge\/\" \/>\n<meta property=\"og:site_name\" content=\"Rebus d.o.o.\" \/>\n<meta property=\"article:modified_time\" content=\"2024-01-08T13:10:19+00:00\" \/>\n<meta property=\"og:image\" content=\"http:\/\/rebus.ba\/wp-content\/uploads\/2016\/02\/IT-slike-3-300x200.jpg\" \/>\n<meta name=\"twitter:card\" content=\"summary_large_image\" \/>\n<script type=\"application\/ld+json\" class=\"yoast-schema-graph\">{\"@context\":\"https:\/\/schema.org\",\"@graph\":[{\"@type\":\"WebPage\",\"@id\":\"https:\/\/www.rebus.ba\/specijalisticke-it-usluge\/\",\"url\":\"https:\/\/www.rebus.ba\/specijalisticke-it-usluge\/\",\"name\":\"Specijalisti\u010dke IT usluge - Rebus d.o.o.\",\"isPartOf\":{\"@id\":\"https:\/\/www.rebus.ba\/#website\"},\"primaryImageOfPage\":{\"@id\":\"https:\/\/www.rebus.ba\/specijalisticke-it-usluge\/#primaryimage\"},\"image\":{\"@id\":\"https:\/\/www.rebus.ba\/specijalisticke-it-usluge\/#primaryimage\"},\"thumbnailUrl\":\"http:\/\/rebus.ba\/wp-content\/uploads\/2016\/02\/IT-slike-3-300x200.jpg\",\"datePublished\":\"2016-02-11T11:35:20+00:00\",\"dateModified\":\"2024-01-08T13:10:19+00:00\",\"breadcrumb\":{\"@id\":\"https:\/\/www.rebus.ba\/specijalisticke-it-usluge\/#breadcrumb\"},\"inLanguage\":\"en-GB\",\"potentialAction\":[{\"@type\":\"ReadAction\",\"target\":[\"https:\/\/www.rebus.ba\/specijalisticke-it-usluge\/\"]}]},{\"@type\":\"ImageObject\",\"inLanguage\":\"en-GB\",\"@id\":\"https:\/\/www.rebus.ba\/specijalisticke-it-usluge\/#primaryimage\",\"url\":\"http:\/\/rebus.ba\/wp-content\/uploads\/2016\/02\/IT-slike-3-300x200.jpg\",\"contentUrl\":\"http:\/\/rebus.ba\/wp-content\/uploads\/2016\/02\/IT-slike-3-300x200.jpg\"},{\"@type\":\"BreadcrumbList\",\"@id\":\"https:\/\/www.rebus.ba\/specijalisticke-it-usluge\/#breadcrumb\",\"itemListElement\":[{\"@type\":\"ListItem\",\"position\":1,\"name\":\"Home\",\"item\":\"https:\/\/www.rebus.ba\/\"},{\"@type\":\"ListItem\",\"position\":2,\"name\":\"Specijalisti\u010dke IT usluge\"}]},{\"@type\":\"WebSite\",\"@id\":\"https:\/\/www.rebus.ba\/#website\",\"url\":\"https:\/\/www.rebus.ba\/\",\"name\":\"Rebus d.o.o.\",\"description\":\"\",\"potentialAction\":[{\"@type\":\"SearchAction\",\"target\":{\"@type\":\"EntryPoint\",\"urlTemplate\":\"https:\/\/www.rebus.ba\/?s={search_term_string}\"},\"query-input\":{\"@type\":\"PropertyValueSpecification\",\"valueRequired\":true,\"valueName\":\"search_term_string\"}}],\"inLanguage\":\"en-GB\"}]}<\/script>\n<!-- \/ Yoast SEO plugin. -->","yoast_head_json":{"title":"Specijalisti\u010dke IT usluge - Rebus d.o.o.","robots":{"index":"index","follow":"follow","max-snippet":"max-snippet:-1","max-image-preview":"max-image-preview:large","max-video-preview":"max-video-preview:-1"},"canonical":"https:\/\/www.rebus.ba\/en\/specijalisticke-it-usluge\/","og_locale":"en_GB","og_type":"article","og_title":"Specijalisti\u010dke IT usluge - Rebus d.o.o.","og_description":"Pomo\u0107 onda kad vam je najpotrebnija. Ako imate potrebu za instalacijom exchange servera, konsultacije oko viritualizacije ili recimo setup VMware rje\u0161enja, Tu smo za vas. Na\u0161i certificirani tehni\u010dari \u0107e vam pru\u017eiti sve potrebne usluge. Ono o \u010demu vodimo ra\u010duna je to da klijent dobije uslugu koja mu je zaista potrebna i sve na jednom mjestu [&hellip;]","og_url":"https:\/\/www.rebus.ba\/en\/specijalisticke-it-usluge\/","og_site_name":"Rebus d.o.o.","article_modified_time":"2024-01-08T13:10:19+00:00","og_image":[{"url":"http:\/\/rebus.ba\/wp-content\/uploads\/2016\/02\/IT-slike-3-300x200.jpg","type":"","width":"","height":""}],"twitter_card":"summary_large_image","schema":{"@context":"https:\/\/schema.org","@graph":[{"@type":"WebPage","@id":"https:\/\/www.rebus.ba\/specijalisticke-it-usluge\/","url":"https:\/\/www.rebus.ba\/specijalisticke-it-usluge\/","name":"Specijalisti\u010dke IT usluge - Rebus d.o.o.","isPartOf":{"@id":"https:\/\/www.rebus.ba\/#website"},"primaryImageOfPage":{"@id":"https:\/\/www.rebus.ba\/specijalisticke-it-usluge\/#primaryimage"},"image":{"@id":"https:\/\/www.rebus.ba\/specijalisticke-it-usluge\/#primaryimage"},"thumbnailUrl":"http:\/\/rebus.ba\/wp-content\/uploads\/2016\/02\/IT-slike-3-300x200.jpg","datePublished":"2016-02-11T11:35:20+00:00","dateModified":"2024-01-08T13:10:19+00:00","breadcrumb":{"@id":"https:\/\/www.rebus.ba\/specijalisticke-it-usluge\/#breadcrumb"},"inLanguage":"en-GB","potentialAction":[{"@type":"ReadAction","target":["https:\/\/www.rebus.ba\/specijalisticke-it-usluge\/"]}]},{"@type":"ImageObject","inLanguage":"en-GB","@id":"https:\/\/www.rebus.ba\/specijalisticke-it-usluge\/#primaryimage","url":"http:\/\/rebus.ba\/wp-content\/uploads\/2016\/02\/IT-slike-3-300x200.jpg","contentUrl":"http:\/\/rebus.ba\/wp-content\/uploads\/2016\/02\/IT-slike-3-300x200.jpg"},{"@type":"BreadcrumbList","@id":"https:\/\/www.rebus.ba\/specijalisticke-it-usluge\/#breadcrumb","itemListElement":[{"@type":"ListItem","position":1,"name":"Home","item":"https:\/\/www.rebus.ba\/"},{"@type":"ListItem","position":2,"name":"Specijalisti\u010dke IT usluge"}]},{"@type":"WebSite","@id":"https:\/\/www.rebus.ba\/#website","url":"https:\/\/www.rebus.ba\/","name":"Rebus d.o.o.","description":"","potentialAction":[{"@type":"SearchAction","target":{"@type":"EntryPoint","urlTemplate":"https:\/\/www.rebus.ba\/?s={search_term_string}"},"query-input":{"@type":"PropertyValueSpecification","valueRequired":true,"valueName":"search_term_string"}}],"inLanguage":"en-GB"}]}},"jetpack_sharing_enabled":true,"_links":{"self":[{"href":"https:\/\/www.rebus.ba\/en\/wp-json\/wp\/v2\/pages\/201","targetHints":{"allow":["GET"]}}],"collection":[{"href":"https:\/\/www.rebus.ba\/en\/wp-json\/wp\/v2\/pages"}],"about":[{"href":"https:\/\/www.rebus.ba\/en\/wp-json\/wp\/v2\/types\/page"}],"author":[{"embeddable":true,"href":"https:\/\/www.rebus.ba\/en\/wp-json\/wp\/v2\/users\/1"}],"replies":[{"embeddable":true,"href":"https:\/\/www.rebus.ba\/en\/wp-json\/wp\/v2\/comments?post=201"}],"version-history":[{"count":1,"href":"https:\/\/www.rebus.ba\/en\/wp-json\/wp\/v2\/pages\/201\/revisions"}],"predecessor-version":[{"id":3047,"href":"https:\/\/www.rebus.ba\/en\/wp-json\/wp\/v2\/pages\/201\/revisions\/3047"}],"wp:attachment":[{"href":"https:\/\/www.rebus.ba\/en\/wp-json\/wp\/v2\/media?parent=201"}],"curies":[{"name":"wp","href":"https:\/\/api.w.org\/{rel}","templated":true}]}}