{"id":186,"date":"2016-02-09T08:02:05","date_gmt":"2016-02-09T08:02:05","guid":{"rendered":"http:\/\/rebus.ba\/?page_id=186"},"modified":"2024-01-08T13:09:44","modified_gmt":"2024-01-08T13:09:44","slug":"mreze-i-mrezna-oprema","status":"publish","type":"page","link":"https:\/\/www.rebus.ba\/en\/mreze-i-mrezna-oprema\/","title":{"rendered":"Mre\u017ee i odr\u017eavanje opreme"},"content":{"rendered":"<h2 class=\"wp-block-heading\">Dobra komunikacija sa klijentom je klijentom je klju\u010d uspjeha.<\/h2>\n\n\n<div class=\"wp-block-image\">\n<figure class=\"alignleft\"><a href=\"https:\/\/sejkan.com\/rebus\/wp-content\/uploads\/2016\/02\/IT-support.jpg\" rel=\"attachment wp-att-199\"><img fetchpriority=\"high\" decoding=\"async\" width=\"300\" height=\"199\" src=\"https:\/\/sejkan.com\/rebus\/wp-content\/uploads\/2016\/02\/IT-support-300x199.jpg\" alt=\"IT support\" class=\"wp-image-199\"\/><\/a><\/figure>\n<\/div>\n\n\n<p>Dozvoljavau\u0107i nam da odr\u017eavamo va\u0161u IT opremu i da budemo va\u0161a mre\u017ena podr\u0161ka, omogu\u0107ava vam da se orijenti\u0161ete na klju\u010dni faktor a to je bavljenje va\u0161im poslovanjem. Na\u0161 posao je da va\u0161a oprema radi na optimalnom nivou.<\/p>\n\n\n\n<p>Na\u0161i eksperti \u0107e, odr\u017eavaju\u0107i va\u0161u mre\u017eu, servere, ra\u010dunare i ostalu opremu, minimizirati neproduktivni period a maksimizirati produktivnost infrastrukture. Na\u0161i IT stru\u010dnjaci su tu da odgovore na probleme brzo, putem veze na daljinu ili dolaskom kod vas. Va\u0161i sistemi \u0107e biti za\u0161ti\u0107eni, osigurani, i dostupni kada vam trebaju, tako da va\u0161i uposleni mogu biti vi\u0161e produktivni rade\u0107i svoj posao.<\/p>\n\n\n\n<p>Rebus vam mo\u017ee ponuditi na va\u0161 zahtjev plan koji je krojen prema va\u0161em bud\u017eetu i potrebama va\u0161e firme. Mo\u017eemo biti va\u0161 cjelokupni IT odjel ili dopuna va\u0161eg IT odjela. Plan se pravi za svakog klijenta pojedina\u010dno i njegove odra\u017eava ciljeve i mogu\u0107nosti.<\/p>\n\n\n\n<p>\u017delimo vam navesti nekoliko mogu\u0107ih primjera odr\u017eavanja:<\/p>\n\n\n\n<p><strong>Odr\u017eavanje kod korisnika<\/strong><\/p>\n\n\n\n<p>Iznajmite cjelokupni IT odjel ili koristite samo odre\u0111ene usluge na\u0161eg stru\u010dnog IT osoblja. na\u0161i konsultanti \u0107e za vas pripremiti plan odr\u017eavanja sa ta\u010dno dovoljnom koi\u010dinom vremena i osoblja da va\u0161e poslovanje mo\u017ee te\u0107i pouzdano, bez zastoja i neplaniranih tro\u0161kova radi ve\u0107e profitabilnosti.<\/p>\n\n\n\n<p><strong>Odr\u017eavanje po pozivu ili van radnog vremena<\/strong><\/p>\n\n\n\n<p>Neugodne situacije i nezgode se de\u0161avaju onda kada se najmanje nadate. Mi imamo rje\u0161enje za vas! Na\u0161 tim IT eksperata je tu da odgovori na nastale probleme ako zatreba \u010dak i nakon radnog vremena.&nbsp; Nakon konsultacija sa na\u0161im ekspertima koji \u0107e vam dati prijedlog, mo\u017eete odlu\u010diti koje od ponu\u0111enih rje\u0161enja je najbolje za vas.<\/p>\n\n\n\n<p><strong>Podr\u0161ka na daljinu<\/strong><\/p>\n\n\n\n<p>Ukoliko vam se desi da vam treba pomo\u0107 odmah i niste u situaciji da \u010dekate dok IT tehni\u010dar do\u0111e do vas, postoji rje\u0161enje. Na\u0161i tehni\u010dari se mogu konektovati uz pomo\u0107 aplikacija za daljinski pristup ra\u010dunarima, te vam u najkra\u0107em mogu\u0107em roku otkloniti problem na ra\u010dunaru ili na serveru.<\/p>\n\n\n\n<p>Za na\u0161e korisnike koji imaju ugovor o odr\u017eavanju, odvojili smo tim experata koji prate i nadziru stanje va\u0161e opreme te reaguju na bilo koji signal o mogu\u0107em problemu kako vi nebi imali problema u radu.<\/p>\n\n\n\n<p><strong>Odr\u017eavanje servera i ra\u010dunara<\/strong><\/p>\n\n\n\n<p>Kod IT opreme cilj je da je ona funkcionalna i na raspolaganju cijelo vrijeme. Kada do\u0111e do problema cilj je otkloniti probleme u najkra\u0107em mogu\u0107em roku kako to nebi naru\u0161ilo produktivnost. Uz ugovor o odr\u017eavanju, mi vam omogu\u0107avamo monitoring kao i odr\u017eavanje servera i ra\u010dunara, te njihovu sigurnost u smislu za\u0161tite podataka, pravljenja sigurnosnih kopija i sl.<\/p>\n\n\n\n<p>Kako se situacija na tr\u017ei\u0161tu konstantno mjenja, sa nama ste u mogu\u0107nosti da se prilago\u0111avate novonastaloj situaciji, bilo da imate potrebu za \u0161irenjem i smanjenjem, bez dodatnih komplikacija.<\/p>","protected":false},"excerpt":{"rendered":"<p>Dobra komunikacija sa klijentom je klijentom je klju\u010d uspjeha. Dozvoljavau\u0107i nam da odr\u017eavamo va\u0161u IT opremu i da budemo va\u0161a mre\u017ena podr\u0161ka, omogu\u0107ava vam da se orijenti\u0161ete na klju\u010dni faktor a to je bavljenje va\u0161im poslovanjem. Na\u0161 posao je da va\u0161a oprema radi na optimalnom nivou. Na\u0161i eksperti \u0107e, odr\u017eavaju\u0107i va\u0161u mre\u017eu, servere, ra\u010dunare i [&hellip;]<\/p>","protected":false},"author":1,"featured_media":0,"parent":0,"menu_order":0,"comment_status":"closed","ping_status":"closed","template":"","meta":{"footnotes":""},"class_list":["post-186","page","type-page","status-publish","hentry"],"yoast_head":"<!-- This site is optimized with the Yoast SEO plugin v24.9 - https:\/\/yoast.com\/wordpress\/plugins\/seo\/ -->\n<title>Mre\u017ee i odr\u017eavanje opreme - Rebus d.o.o.<\/title>\n<meta name=\"robots\" content=\"index, follow, max-snippet:-1, max-image-preview:large, max-video-preview:-1\" \/>\n<link rel=\"canonical\" href=\"https:\/\/www.rebus.ba\/en\/mreze-i-mrezna-oprema\/\" \/>\n<meta property=\"og:locale\" content=\"en_GB\" \/>\n<meta property=\"og:type\" content=\"article\" \/>\n<meta property=\"og:title\" content=\"Mre\u017ee i odr\u017eavanje opreme - Rebus d.o.o.\" \/>\n<meta property=\"og:description\" content=\"Dobra komunikacija sa klijentom je klijentom je klju\u010d uspjeha. Dozvoljavau\u0107i nam da odr\u017eavamo va\u0161u IT opremu i da budemo va\u0161a mre\u017ena podr\u0161ka, omogu\u0107ava vam da se orijenti\u0161ete na klju\u010dni faktor a to je bavljenje va\u0161im poslovanjem. Na\u0161 posao je da va\u0161a oprema radi na optimalnom nivou. Na\u0161i eksperti \u0107e, odr\u017eavaju\u0107i va\u0161u mre\u017eu, servere, ra\u010dunare i [&hellip;]\" \/>\n<meta property=\"og:url\" content=\"https:\/\/www.rebus.ba\/en\/mreze-i-mrezna-oprema\/\" \/>\n<meta property=\"og:site_name\" content=\"Rebus d.o.o.\" \/>\n<meta property=\"article:modified_time\" content=\"2024-01-08T13:09:44+00:00\" \/>\n<meta property=\"og:image\" content=\"https:\/\/sejkan.com\/rebus\/wp-content\/uploads\/2016\/02\/IT-support-300x199.jpg\" \/>\n<meta name=\"twitter:card\" content=\"summary_large_image\" \/>\n<meta name=\"twitter:label1\" content=\"Estimated reading time\" \/>\n\t<meta name=\"twitter:data1\" content=\"3 minutes\" \/>\n<script type=\"application\/ld+json\" class=\"yoast-schema-graph\">{\"@context\":\"https:\/\/schema.org\",\"@graph\":[{\"@type\":\"WebPage\",\"@id\":\"https:\/\/www.rebus.ba\/mreze-i-mrezna-oprema\/\",\"url\":\"https:\/\/www.rebus.ba\/mreze-i-mrezna-oprema\/\",\"name\":\"Mre\u017ee i odr\u017eavanje opreme - Rebus d.o.o.\",\"isPartOf\":{\"@id\":\"https:\/\/www.rebus.ba\/#website\"},\"primaryImageOfPage\":{\"@id\":\"https:\/\/www.rebus.ba\/mreze-i-mrezna-oprema\/#primaryimage\"},\"image\":{\"@id\":\"https:\/\/www.rebus.ba\/mreze-i-mrezna-oprema\/#primaryimage\"},\"thumbnailUrl\":\"https:\/\/sejkan.com\/rebus\/wp-content\/uploads\/2016\/02\/IT-support-300x199.jpg\",\"datePublished\":\"2016-02-09T08:02:05+00:00\",\"dateModified\":\"2024-01-08T13:09:44+00:00\",\"breadcrumb\":{\"@id\":\"https:\/\/www.rebus.ba\/mreze-i-mrezna-oprema\/#breadcrumb\"},\"inLanguage\":\"en-GB\",\"potentialAction\":[{\"@type\":\"ReadAction\",\"target\":[\"https:\/\/www.rebus.ba\/mreze-i-mrezna-oprema\/\"]}]},{\"@type\":\"ImageObject\",\"inLanguage\":\"en-GB\",\"@id\":\"https:\/\/www.rebus.ba\/mreze-i-mrezna-oprema\/#primaryimage\",\"url\":\"https:\/\/sejkan.com\/rebus\/wp-content\/uploads\/2016\/02\/IT-support-300x199.jpg\",\"contentUrl\":\"https:\/\/sejkan.com\/rebus\/wp-content\/uploads\/2016\/02\/IT-support-300x199.jpg\"},{\"@type\":\"BreadcrumbList\",\"@id\":\"https:\/\/www.rebus.ba\/mreze-i-mrezna-oprema\/#breadcrumb\",\"itemListElement\":[{\"@type\":\"ListItem\",\"position\":1,\"name\":\"Home\",\"item\":\"https:\/\/www.rebus.ba\/\"},{\"@type\":\"ListItem\",\"position\":2,\"name\":\"Mre\u017ee i odr\u017eavanje opreme\"}]},{\"@type\":\"WebSite\",\"@id\":\"https:\/\/www.rebus.ba\/#website\",\"url\":\"https:\/\/www.rebus.ba\/\",\"name\":\"Rebus d.o.o.\",\"description\":\"\",\"potentialAction\":[{\"@type\":\"SearchAction\",\"target\":{\"@type\":\"EntryPoint\",\"urlTemplate\":\"https:\/\/www.rebus.ba\/?s={search_term_string}\"},\"query-input\":{\"@type\":\"PropertyValueSpecification\",\"valueRequired\":true,\"valueName\":\"search_term_string\"}}],\"inLanguage\":\"en-GB\"}]}<\/script>\n<!-- \/ Yoast SEO plugin. -->","yoast_head_json":{"title":"Mre\u017ee i odr\u017eavanje opreme - Rebus d.o.o.","robots":{"index":"index","follow":"follow","max-snippet":"max-snippet:-1","max-image-preview":"max-image-preview:large","max-video-preview":"max-video-preview:-1"},"canonical":"https:\/\/www.rebus.ba\/en\/mreze-i-mrezna-oprema\/","og_locale":"en_GB","og_type":"article","og_title":"Mre\u017ee i odr\u017eavanje opreme - Rebus d.o.o.","og_description":"Dobra komunikacija sa klijentom je klijentom je klju\u010d uspjeha. Dozvoljavau\u0107i nam da odr\u017eavamo va\u0161u IT opremu i da budemo va\u0161a mre\u017ena podr\u0161ka, omogu\u0107ava vam da se orijenti\u0161ete na klju\u010dni faktor a to je bavljenje va\u0161im poslovanjem. Na\u0161 posao je da va\u0161a oprema radi na optimalnom nivou. Na\u0161i eksperti \u0107e, odr\u017eavaju\u0107i va\u0161u mre\u017eu, servere, ra\u010dunare i [&hellip;]","og_url":"https:\/\/www.rebus.ba\/en\/mreze-i-mrezna-oprema\/","og_site_name":"Rebus d.o.o.","article_modified_time":"2024-01-08T13:09:44+00:00","og_image":[{"url":"https:\/\/sejkan.com\/rebus\/wp-content\/uploads\/2016\/02\/IT-support-300x199.jpg","type":"","width":"","height":""}],"twitter_card":"summary_large_image","twitter_misc":{"Estimated reading time":"3 minutes"},"schema":{"@context":"https:\/\/schema.org","@graph":[{"@type":"WebPage","@id":"https:\/\/www.rebus.ba\/mreze-i-mrezna-oprema\/","url":"https:\/\/www.rebus.ba\/mreze-i-mrezna-oprema\/","name":"Mre\u017ee i odr\u017eavanje opreme - Rebus d.o.o.","isPartOf":{"@id":"https:\/\/www.rebus.ba\/#website"},"primaryImageOfPage":{"@id":"https:\/\/www.rebus.ba\/mreze-i-mrezna-oprema\/#primaryimage"},"image":{"@id":"https:\/\/www.rebus.ba\/mreze-i-mrezna-oprema\/#primaryimage"},"thumbnailUrl":"https:\/\/sejkan.com\/rebus\/wp-content\/uploads\/2016\/02\/IT-support-300x199.jpg","datePublished":"2016-02-09T08:02:05+00:00","dateModified":"2024-01-08T13:09:44+00:00","breadcrumb":{"@id":"https:\/\/www.rebus.ba\/mreze-i-mrezna-oprema\/#breadcrumb"},"inLanguage":"en-GB","potentialAction":[{"@type":"ReadAction","target":["https:\/\/www.rebus.ba\/mreze-i-mrezna-oprema\/"]}]},{"@type":"ImageObject","inLanguage":"en-GB","@id":"https:\/\/www.rebus.ba\/mreze-i-mrezna-oprema\/#primaryimage","url":"https:\/\/sejkan.com\/rebus\/wp-content\/uploads\/2016\/02\/IT-support-300x199.jpg","contentUrl":"https:\/\/sejkan.com\/rebus\/wp-content\/uploads\/2016\/02\/IT-support-300x199.jpg"},{"@type":"BreadcrumbList","@id":"https:\/\/www.rebus.ba\/mreze-i-mrezna-oprema\/#breadcrumb","itemListElement":[{"@type":"ListItem","position":1,"name":"Home","item":"https:\/\/www.rebus.ba\/"},{"@type":"ListItem","position":2,"name":"Mre\u017ee i odr\u017eavanje opreme"}]},{"@type":"WebSite","@id":"https:\/\/www.rebus.ba\/#website","url":"https:\/\/www.rebus.ba\/","name":"Rebus d.o.o.","description":"","potentialAction":[{"@type":"SearchAction","target":{"@type":"EntryPoint","urlTemplate":"https:\/\/www.rebus.ba\/?s={search_term_string}"},"query-input":{"@type":"PropertyValueSpecification","valueRequired":true,"valueName":"search_term_string"}}],"inLanguage":"en-GB"}]}},"jetpack_sharing_enabled":true,"_links":{"self":[{"href":"https:\/\/www.rebus.ba\/en\/wp-json\/wp\/v2\/pages\/186","targetHints":{"allow":["GET"]}}],"collection":[{"href":"https:\/\/www.rebus.ba\/en\/wp-json\/wp\/v2\/pages"}],"about":[{"href":"https:\/\/www.rebus.ba\/en\/wp-json\/wp\/v2\/types\/page"}],"author":[{"embeddable":true,"href":"https:\/\/www.rebus.ba\/en\/wp-json\/wp\/v2\/users\/1"}],"replies":[{"embeddable":true,"href":"https:\/\/www.rebus.ba\/en\/wp-json\/wp\/v2\/comments?post=186"}],"version-history":[{"count":1,"href":"https:\/\/www.rebus.ba\/en\/wp-json\/wp\/v2\/pages\/186\/revisions"}],"predecessor-version":[{"id":3046,"href":"https:\/\/www.rebus.ba\/en\/wp-json\/wp\/v2\/pages\/186\/revisions\/3046"}],"wp:attachment":[{"href":"https:\/\/www.rebus.ba\/en\/wp-json\/wp\/v2\/media?parent=186"}],"curies":[{"name":"wp","href":"https:\/\/api.w.org\/{rel}","templated":true}]}}