{"id":164,"date":"2016-02-08T08:30:15","date_gmt":"2016-02-08T08:30:15","guid":{"rendered":"http:\/\/rebus.ba\/?page_id=164"},"modified":"2024-01-08T13:08:53","modified_gmt":"2024-01-08T13:08:53","slug":"outsourcing","status":"publish","type":"page","link":"https:\/\/www.rebus.ba\/en\/outsourcing\/","title":{"rendered":"Outsourcing"},"content":{"rendered":"<h2 class=\"wp-block-heading\">Treba vam izrada software ili aplikacija? Tu smo za vas.<\/h2>\n\n\n\n<figure class=\"wp-block-image\"><a href=\"https:\/\/sejkan.com\/rebus\/wp-content\/uploads\/2016\/02\/IT-slike-1-e1454592424301.jpg\" rel=\"attachment wp-att-102\"><img decoding=\"async\" width=\"300\" height=\"150\" src=\"https:\/\/sejkan.com\/rebus\/wp-content\/uploads\/2016\/02\/IT-slike-1-e1454592424301-300x150.jpg\" alt=\"IT slike (1)\" class=\"wp-image-102\"\/><\/a><\/figure>\n\n\n\n<p>Radimo za vas kompletna softverska rje\u0161enja ili doradu postoje\u0107ih softverskih rje\u0161enja. Na\u0161 tim stru\u010dnjaka je na raspolaganju za planiranje, razvoj, odr\u017eavanje i nadogradnju bilo koje vrste softvera.<\/p>\n\n\n\n<p>Posebno smo ponosni na mogu\u0107nost da vam ponudimo rje\u0161enja za najkomplikovanije projekte koji zahtjevaju kombinaciju hardverskih i softverskih rije\u0161enja, kao \u0161to su proizvodni procesi koji u sebi kombinuju dohvat podataka sa raznih mjernih instrumenata ili senzora, formiranje baze za iste kao i analizu i zatim upravljanje proizvodnim procesom.<\/p>\n\n\n\n<p>Sve ovo radimo prate\u0107i trendove tako da ste u mogu\u0107nosti koristiti blagodati najnovije tehnologije i mobilnih ure\u0111aja uz sigurnost i robusnost PC aplikacija.<\/p>\n\n\n\n<p>Neke od na\u0161ih mogu\u0107nosti su:<\/p>\n\n\n\n<ul class=\"wp-block-list\">\n<li><strong>Product development<\/strong>&nbsp; &#8211; analiza, izrada rje\u0161enja po mjeri, UI\/UX dizajn, razvoj, testiranje, stavljane u upotrebu, odr\u017eavanje, sistemska administracija i podr\u0161ka<\/li>\n\n\n\n<li><strong>Izrada enterpise grade i standardnih CMS rje\u0161enja<\/strong><\/li>\n\n\n\n<li><strong>Izrada web i mobilnih aplikacija<\/strong><\/li>\n<\/ul>","protected":false},"excerpt":{"rendered":"<p>Treba vam izrada software ili aplikacija? Tu smo za vas. Radimo za vas kompletna softverska rje\u0161enja ili doradu postoje\u0107ih softverskih rje\u0161enja. Na\u0161 tim stru\u010dnjaka je na raspolaganju za planiranje, razvoj, odr\u017eavanje i nadogradnju bilo koje vrste softvera. Posebno smo ponosni na mogu\u0107nost da vam ponudimo rje\u0161enja za najkomplikovanije projekte koji zahtjevaju kombinaciju hardverskih i softverskih [&hellip;]<\/p>","protected":false},"author":1,"featured_media":0,"parent":0,"menu_order":0,"comment_status":"closed","ping_status":"closed","template":"","meta":{"footnotes":""},"class_list":["post-164","page","type-page","status-publish","hentry"],"yoast_head":"<!-- This site is optimized with the Yoast SEO plugin v24.9 - https:\/\/yoast.com\/wordpress\/plugins\/seo\/ -->\n<title>Outsourcing - Rebus d.o.o.<\/title>\n<meta name=\"robots\" content=\"index, follow, max-snippet:-1, max-image-preview:large, max-video-preview:-1\" \/>\n<link rel=\"canonical\" href=\"https:\/\/www.rebus.ba\/en\/outsourcing\/\" \/>\n<meta property=\"og:locale\" content=\"en_GB\" \/>\n<meta property=\"og:type\" content=\"article\" \/>\n<meta property=\"og:title\" content=\"Outsourcing - Rebus d.o.o.\" \/>\n<meta property=\"og:description\" content=\"Treba vam izrada software ili aplikacija? Tu smo za vas. Radimo za vas kompletna softverska rje\u0161enja ili doradu postoje\u0107ih softverskih rje\u0161enja. Na\u0161 tim stru\u010dnjaka je na raspolaganju za planiranje, razvoj, odr\u017eavanje i nadogradnju bilo koje vrste softvera. Posebno smo ponosni na mogu\u0107nost da vam ponudimo rje\u0161enja za najkomplikovanije projekte koji zahtjevaju kombinaciju hardverskih i softverskih [&hellip;]\" \/>\n<meta property=\"og:url\" content=\"https:\/\/www.rebus.ba\/en\/outsourcing\/\" \/>\n<meta property=\"og:site_name\" content=\"Rebus d.o.o.\" \/>\n<meta property=\"article:modified_time\" content=\"2024-01-08T13:08:53+00:00\" \/>\n<meta property=\"og:image\" content=\"https:\/\/sejkan.com\/rebus\/wp-content\/uploads\/2016\/02\/IT-slike-1-e1454592424301-300x150.jpg\" \/>\n<meta name=\"twitter:card\" content=\"summary_large_image\" \/>\n<meta name=\"twitter:label1\" content=\"Estimated reading time\" \/>\n\t<meta name=\"twitter:data1\" content=\"1 minute\" \/>\n<script type=\"application\/ld+json\" class=\"yoast-schema-graph\">{\"@context\":\"https:\/\/schema.org\",\"@graph\":[{\"@type\":\"WebPage\",\"@id\":\"https:\/\/www.rebus.ba\/outsourcing\/\",\"url\":\"https:\/\/www.rebus.ba\/outsourcing\/\",\"name\":\"Outsourcing - Rebus d.o.o.\",\"isPartOf\":{\"@id\":\"https:\/\/www.rebus.ba\/#website\"},\"primaryImageOfPage\":{\"@id\":\"https:\/\/www.rebus.ba\/outsourcing\/#primaryimage\"},\"image\":{\"@id\":\"https:\/\/www.rebus.ba\/outsourcing\/#primaryimage\"},\"thumbnailUrl\":\"https:\/\/sejkan.com\/rebus\/wp-content\/uploads\/2016\/02\/IT-slike-1-e1454592424301-300x150.jpg\",\"datePublished\":\"2016-02-08T08:30:15+00:00\",\"dateModified\":\"2024-01-08T13:08:53+00:00\",\"breadcrumb\":{\"@id\":\"https:\/\/www.rebus.ba\/outsourcing\/#breadcrumb\"},\"inLanguage\":\"en-GB\",\"potentialAction\":[{\"@type\":\"ReadAction\",\"target\":[\"https:\/\/www.rebus.ba\/outsourcing\/\"]}]},{\"@type\":\"ImageObject\",\"inLanguage\":\"en-GB\",\"@id\":\"https:\/\/www.rebus.ba\/outsourcing\/#primaryimage\",\"url\":\"https:\/\/sejkan.com\/rebus\/wp-content\/uploads\/2016\/02\/IT-slike-1-e1454592424301-300x150.jpg\",\"contentUrl\":\"https:\/\/sejkan.com\/rebus\/wp-content\/uploads\/2016\/02\/IT-slike-1-e1454592424301-300x150.jpg\"},{\"@type\":\"BreadcrumbList\",\"@id\":\"https:\/\/www.rebus.ba\/outsourcing\/#breadcrumb\",\"itemListElement\":[{\"@type\":\"ListItem\",\"position\":1,\"name\":\"Home\",\"item\":\"https:\/\/www.rebus.ba\/\"},{\"@type\":\"ListItem\",\"position\":2,\"name\":\"Outsourcing\"}]},{\"@type\":\"WebSite\",\"@id\":\"https:\/\/www.rebus.ba\/#website\",\"url\":\"https:\/\/www.rebus.ba\/\",\"name\":\"Rebus d.o.o.\",\"description\":\"\",\"potentialAction\":[{\"@type\":\"SearchAction\",\"target\":{\"@type\":\"EntryPoint\",\"urlTemplate\":\"https:\/\/www.rebus.ba\/?s={search_term_string}\"},\"query-input\":{\"@type\":\"PropertyValueSpecification\",\"valueRequired\":true,\"valueName\":\"search_term_string\"}}],\"inLanguage\":\"en-GB\"}]}<\/script>\n<!-- \/ Yoast SEO plugin. -->","yoast_head_json":{"title":"Outsourcing - Rebus d.o.o.","robots":{"index":"index","follow":"follow","max-snippet":"max-snippet:-1","max-image-preview":"max-image-preview:large","max-video-preview":"max-video-preview:-1"},"canonical":"https:\/\/www.rebus.ba\/en\/outsourcing\/","og_locale":"en_GB","og_type":"article","og_title":"Outsourcing - Rebus d.o.o.","og_description":"Treba vam izrada software ili aplikacija? Tu smo za vas. Radimo za vas kompletna softverska rje\u0161enja ili doradu postoje\u0107ih softverskih rje\u0161enja. Na\u0161 tim stru\u010dnjaka je na raspolaganju za planiranje, razvoj, odr\u017eavanje i nadogradnju bilo koje vrste softvera. Posebno smo ponosni na mogu\u0107nost da vam ponudimo rje\u0161enja za najkomplikovanije projekte koji zahtjevaju kombinaciju hardverskih i softverskih [&hellip;]","og_url":"https:\/\/www.rebus.ba\/en\/outsourcing\/","og_site_name":"Rebus d.o.o.","article_modified_time":"2024-01-08T13:08:53+00:00","og_image":[{"url":"https:\/\/sejkan.com\/rebus\/wp-content\/uploads\/2016\/02\/IT-slike-1-e1454592424301-300x150.jpg","type":"","width":"","height":""}],"twitter_card":"summary_large_image","twitter_misc":{"Estimated reading time":"1 minute"},"schema":{"@context":"https:\/\/schema.org","@graph":[{"@type":"WebPage","@id":"https:\/\/www.rebus.ba\/outsourcing\/","url":"https:\/\/www.rebus.ba\/outsourcing\/","name":"Outsourcing - Rebus d.o.o.","isPartOf":{"@id":"https:\/\/www.rebus.ba\/#website"},"primaryImageOfPage":{"@id":"https:\/\/www.rebus.ba\/outsourcing\/#primaryimage"},"image":{"@id":"https:\/\/www.rebus.ba\/outsourcing\/#primaryimage"},"thumbnailUrl":"https:\/\/sejkan.com\/rebus\/wp-content\/uploads\/2016\/02\/IT-slike-1-e1454592424301-300x150.jpg","datePublished":"2016-02-08T08:30:15+00:00","dateModified":"2024-01-08T13:08:53+00:00","breadcrumb":{"@id":"https:\/\/www.rebus.ba\/outsourcing\/#breadcrumb"},"inLanguage":"en-GB","potentialAction":[{"@type":"ReadAction","target":["https:\/\/www.rebus.ba\/outsourcing\/"]}]},{"@type":"ImageObject","inLanguage":"en-GB","@id":"https:\/\/www.rebus.ba\/outsourcing\/#primaryimage","url":"https:\/\/sejkan.com\/rebus\/wp-content\/uploads\/2016\/02\/IT-slike-1-e1454592424301-300x150.jpg","contentUrl":"https:\/\/sejkan.com\/rebus\/wp-content\/uploads\/2016\/02\/IT-slike-1-e1454592424301-300x150.jpg"},{"@type":"BreadcrumbList","@id":"https:\/\/www.rebus.ba\/outsourcing\/#breadcrumb","itemListElement":[{"@type":"ListItem","position":1,"name":"Home","item":"https:\/\/www.rebus.ba\/"},{"@type":"ListItem","position":2,"name":"Outsourcing"}]},{"@type":"WebSite","@id":"https:\/\/www.rebus.ba\/#website","url":"https:\/\/www.rebus.ba\/","name":"Rebus d.o.o.","description":"","potentialAction":[{"@type":"SearchAction","target":{"@type":"EntryPoint","urlTemplate":"https:\/\/www.rebus.ba\/?s={search_term_string}"},"query-input":{"@type":"PropertyValueSpecification","valueRequired":true,"valueName":"search_term_string"}}],"inLanguage":"en-GB"}]}},"jetpack_sharing_enabled":true,"_links":{"self":[{"href":"https:\/\/www.rebus.ba\/en\/wp-json\/wp\/v2\/pages\/164","targetHints":{"allow":["GET"]}}],"collection":[{"href":"https:\/\/www.rebus.ba\/en\/wp-json\/wp\/v2\/pages"}],"about":[{"href":"https:\/\/www.rebus.ba\/en\/wp-json\/wp\/v2\/types\/page"}],"author":[{"embeddable":true,"href":"https:\/\/www.rebus.ba\/en\/wp-json\/wp\/v2\/users\/1"}],"replies":[{"embeddable":true,"href":"https:\/\/www.rebus.ba\/en\/wp-json\/wp\/v2\/comments?post=164"}],"version-history":[{"count":1,"href":"https:\/\/www.rebus.ba\/en\/wp-json\/wp\/v2\/pages\/164\/revisions"}],"predecessor-version":[{"id":3044,"href":"https:\/\/www.rebus.ba\/en\/wp-json\/wp\/v2\/pages\/164\/revisions\/3044"}],"wp:attachment":[{"href":"https:\/\/www.rebus.ba\/en\/wp-json\/wp\/v2\/media?parent=164"}],"curies":[{"name":"wp","href":"https:\/\/api.w.org\/{rel}","templated":true}]}}