{"id":137,"date":"2016-02-05T10:12:20","date_gmt":"2016-02-05T10:12:20","guid":{"rendered":"http:\/\/rebus.ba\/?page_id=137"},"modified":"2024-01-08T13:07:52","modified_gmt":"2024-01-08T13:07:52","slug":"backup-podataka","status":"publish","type":"page","link":"https:\/\/www.rebus.ba\/en\/backup-podataka\/","title":{"rendered":"Backup podataka"},"content":{"rendered":"<h2 class=\"wp-block-heading\">Forget about data worries<\/h2>\n\n\n\n<figure class=\"wp-block-image\"><a href=\"https:\/\/sejkan.com\/rebus\/wp-content\/uploads\/2016\/02\/backup-e1454679133438.jpg\" rel=\"attachment wp-att-146\"><img decoding=\"async\" src=\"http:\/\/rebus.ba\/wp-content\/uploads\/2016\/02\/backup-300x215.jpg\" alt=\"Cloud Service\" class=\"wp-image-146\"\/><\/a><\/figure>\n\n\n\n<p>Ako ste ikada izgubili podatke, ili niste mogli na\u0107i neki dokument, saznali ste vrijednost pravljenja rezervne kopije podataka.<\/p>\n\n\n\n<p>Nudimo vam rje\u0161anja za backup, za\u0161titu, kloniranje i povrat podataka. Sa na\u0161im rje\u0161enjima kona\u010dno imate mogu\u0107nost da se odmorite od brige o podacima.<\/p>\n\n\n\n<p>Na\u0161a rje\u0161enja uklju\u010duju:<\/p>\n\n\n\n<ul class=\"wp-block-list\">\n<li><strong>Data backup<\/strong> &#8211; Pravljenje kopije va\u0161ih bitnih podataka u slu\u010daju gubitka podataka zbog virusa, neispravne opreme i sl.<\/li>\n\n\n\n<li><strong>Auto data backup<\/strong> &#8211; podesimo, instaliramo i konfiguri\u0161emo va\u0161e sisteme da automatski prave rezervnu kopiju va\u0161ih fajlova<\/li>\n\n\n\n<li><strong>Koniranje diskova i migracija podataka<\/strong> &#8211; kopiranje va\u0161ih podataka na odvojenu lokaciju kako nikad nebi do\u0161li u situaciju da izgubite sve podatke<\/li>\n\n\n\n<li><strong>Povrat podataka<\/strong> &#8211; Povrat izgubljenih podataka u slu\u010daju brisanja ili o\u0161te\u0107enja diskova<\/li>\n\n\n\n<li><strong>Transfer podataka na novi PC<\/strong> &#8211; Brzo prebacivanje podataka poput e-maila, kontakata, aplikacija i sl. sa starog na novi ra\u010dunar<\/li>\n<\/ul>","protected":false},"excerpt":{"rendered":"<p>Zaboravite na brige oko podataka Ako ste ikada izgubili podatke, ili niste mogli na\u0107i neki dokument, saznali ste vrijednost pravljenja rezervne kopije podataka. Nudimo vam rje\u0161anja za backup, za\u0161titu, kloniranje i povrat podataka. Sa na\u0161im rje\u0161enjima kona\u010dno imate mogu\u0107nost da se odmorite od brige o podacima. Na\u0161a rje\u0161enja uklju\u010duju:<\/p>","protected":false},"author":1,"featured_media":0,"parent":0,"menu_order":0,"comment_status":"closed","ping_status":"closed","template":"","meta":{"footnotes":""},"class_list":["post-137","page","type-page","status-publish","hentry"],"yoast_head":"<!-- This site is optimized with the Yoast SEO plugin v24.9 - https:\/\/yoast.com\/wordpress\/plugins\/seo\/ -->\n<title>Backup podataka - Rebus d.o.o.<\/title>\n<meta name=\"robots\" content=\"index, follow, max-snippet:-1, max-image-preview:large, max-video-preview:-1\" \/>\n<link rel=\"canonical\" href=\"https:\/\/www.rebus.ba\/en\/backup-podataka\/\" \/>\n<meta property=\"og:locale\" content=\"en_GB\" \/>\n<meta property=\"og:type\" content=\"article\" \/>\n<meta property=\"og:title\" content=\"Backup podataka - Rebus d.o.o.\" \/>\n<meta property=\"og:description\" content=\"Zaboravite na brige oko podataka Ako ste ikada izgubili podatke, ili niste mogli na\u0107i neki dokument, saznali ste vrijednost pravljenja rezervne kopije podataka. Nudimo vam rje\u0161anja za backup, za\u0161titu, kloniranje i povrat podataka. Sa na\u0161im rje\u0161enjima kona\u010dno imate mogu\u0107nost da se odmorite od brige o podacima. Na\u0161a rje\u0161enja uklju\u010duju:\" \/>\n<meta property=\"og:url\" content=\"https:\/\/www.rebus.ba\/en\/backup-podataka\/\" \/>\n<meta property=\"og:site_name\" content=\"Rebus d.o.o.\" \/>\n<meta property=\"article:modified_time\" content=\"2024-01-08T13:07:52+00:00\" \/>\n<meta property=\"og:image\" content=\"http:\/\/rebus.ba\/wp-content\/uploads\/2016\/02\/backup-300x215.jpg\" \/>\n<meta name=\"twitter:card\" content=\"summary_large_image\" \/>\n<meta name=\"twitter:label1\" content=\"Estimated reading time\" \/>\n\t<meta name=\"twitter:data1\" content=\"1 minute\" \/>\n<script type=\"application\/ld+json\" class=\"yoast-schema-graph\">{\"@context\":\"https:\/\/schema.org\",\"@graph\":[{\"@type\":\"WebPage\",\"@id\":\"https:\/\/www.rebus.ba\/backup-podataka\/\",\"url\":\"https:\/\/www.rebus.ba\/backup-podataka\/\",\"name\":\"Backup podataka - Rebus d.o.o.\",\"isPartOf\":{\"@id\":\"https:\/\/www.rebus.ba\/#website\"},\"primaryImageOfPage\":{\"@id\":\"https:\/\/www.rebus.ba\/backup-podataka\/#primaryimage\"},\"image\":{\"@id\":\"https:\/\/www.rebus.ba\/backup-podataka\/#primaryimage\"},\"thumbnailUrl\":\"http:\/\/rebus.ba\/wp-content\/uploads\/2016\/02\/backup-300x215.jpg\",\"datePublished\":\"2016-02-05T10:12:20+00:00\",\"dateModified\":\"2024-01-08T13:07:52+00:00\",\"breadcrumb\":{\"@id\":\"https:\/\/www.rebus.ba\/backup-podataka\/#breadcrumb\"},\"inLanguage\":\"en-GB\",\"potentialAction\":[{\"@type\":\"ReadAction\",\"target\":[\"https:\/\/www.rebus.ba\/backup-podataka\/\"]}]},{\"@type\":\"ImageObject\",\"inLanguage\":\"en-GB\",\"@id\":\"https:\/\/www.rebus.ba\/backup-podataka\/#primaryimage\",\"url\":\"http:\/\/rebus.ba\/wp-content\/uploads\/2016\/02\/backup-300x215.jpg\",\"contentUrl\":\"http:\/\/rebus.ba\/wp-content\/uploads\/2016\/02\/backup-300x215.jpg\"},{\"@type\":\"BreadcrumbList\",\"@id\":\"https:\/\/www.rebus.ba\/backup-podataka\/#breadcrumb\",\"itemListElement\":[{\"@type\":\"ListItem\",\"position\":1,\"name\":\"Home\",\"item\":\"https:\/\/www.rebus.ba\/\"},{\"@type\":\"ListItem\",\"position\":2,\"name\":\"Backup podataka\"}]},{\"@type\":\"WebSite\",\"@id\":\"https:\/\/www.rebus.ba\/#website\",\"url\":\"https:\/\/www.rebus.ba\/\",\"name\":\"Rebus d.o.o.\",\"description\":\"\",\"potentialAction\":[{\"@type\":\"SearchAction\",\"target\":{\"@type\":\"EntryPoint\",\"urlTemplate\":\"https:\/\/www.rebus.ba\/?s={search_term_string}\"},\"query-input\":{\"@type\":\"PropertyValueSpecification\",\"valueRequired\":true,\"valueName\":\"search_term_string\"}}],\"inLanguage\":\"en-GB\"}]}<\/script>\n<!-- \/ Yoast SEO plugin. -->","yoast_head_json":{"title":"Backup podataka - Rebus d.o.o.","robots":{"index":"index","follow":"follow","max-snippet":"max-snippet:-1","max-image-preview":"max-image-preview:large","max-video-preview":"max-video-preview:-1"},"canonical":"https:\/\/www.rebus.ba\/en\/backup-podataka\/","og_locale":"en_GB","og_type":"article","og_title":"Backup podataka - Rebus d.o.o.","og_description":"Zaboravite na brige oko podataka Ako ste ikada izgubili podatke, ili niste mogli na\u0107i neki dokument, saznali ste vrijednost pravljenja rezervne kopije podataka. Nudimo vam rje\u0161anja za backup, za\u0161titu, kloniranje i povrat podataka. Sa na\u0161im rje\u0161enjima kona\u010dno imate mogu\u0107nost da se odmorite od brige o podacima. Na\u0161a rje\u0161enja uklju\u010duju:","og_url":"https:\/\/www.rebus.ba\/en\/backup-podataka\/","og_site_name":"Rebus d.o.o.","article_modified_time":"2024-01-08T13:07:52+00:00","og_image":[{"url":"http:\/\/rebus.ba\/wp-content\/uploads\/2016\/02\/backup-300x215.jpg","type":"","width":"","height":""}],"twitter_card":"summary_large_image","twitter_misc":{"Estimated reading time":"1 minute"},"schema":{"@context":"https:\/\/schema.org","@graph":[{"@type":"WebPage","@id":"https:\/\/www.rebus.ba\/backup-podataka\/","url":"https:\/\/www.rebus.ba\/backup-podataka\/","name":"Backup podataka - Rebus d.o.o.","isPartOf":{"@id":"https:\/\/www.rebus.ba\/#website"},"primaryImageOfPage":{"@id":"https:\/\/www.rebus.ba\/backup-podataka\/#primaryimage"},"image":{"@id":"https:\/\/www.rebus.ba\/backup-podataka\/#primaryimage"},"thumbnailUrl":"http:\/\/rebus.ba\/wp-content\/uploads\/2016\/02\/backup-300x215.jpg","datePublished":"2016-02-05T10:12:20+00:00","dateModified":"2024-01-08T13:07:52+00:00","breadcrumb":{"@id":"https:\/\/www.rebus.ba\/backup-podataka\/#breadcrumb"},"inLanguage":"en-GB","potentialAction":[{"@type":"ReadAction","target":["https:\/\/www.rebus.ba\/backup-podataka\/"]}]},{"@type":"ImageObject","inLanguage":"en-GB","@id":"https:\/\/www.rebus.ba\/backup-podataka\/#primaryimage","url":"http:\/\/rebus.ba\/wp-content\/uploads\/2016\/02\/backup-300x215.jpg","contentUrl":"http:\/\/rebus.ba\/wp-content\/uploads\/2016\/02\/backup-300x215.jpg"},{"@type":"BreadcrumbList","@id":"https:\/\/www.rebus.ba\/backup-podataka\/#breadcrumb","itemListElement":[{"@type":"ListItem","position":1,"name":"Home","item":"https:\/\/www.rebus.ba\/"},{"@type":"ListItem","position":2,"name":"Backup podataka"}]},{"@type":"WebSite","@id":"https:\/\/www.rebus.ba\/#website","url":"https:\/\/www.rebus.ba\/","name":"Rebus d.o.o.","description":"","potentialAction":[{"@type":"SearchAction","target":{"@type":"EntryPoint","urlTemplate":"https:\/\/www.rebus.ba\/?s={search_term_string}"},"query-input":{"@type":"PropertyValueSpecification","valueRequired":true,"valueName":"search_term_string"}}],"inLanguage":"en-GB"}]}},"jetpack_sharing_enabled":true,"_links":{"self":[{"href":"https:\/\/www.rebus.ba\/en\/wp-json\/wp\/v2\/pages\/137","targetHints":{"allow":["GET"]}}],"collection":[{"href":"https:\/\/www.rebus.ba\/en\/wp-json\/wp\/v2\/pages"}],"about":[{"href":"https:\/\/www.rebus.ba\/en\/wp-json\/wp\/v2\/types\/page"}],"author":[{"embeddable":true,"href":"https:\/\/www.rebus.ba\/en\/wp-json\/wp\/v2\/users\/1"}],"replies":[{"embeddable":true,"href":"https:\/\/www.rebus.ba\/en\/wp-json\/wp\/v2\/comments?post=137"}],"version-history":[{"count":2,"href":"https:\/\/www.rebus.ba\/en\/wp-json\/wp\/v2\/pages\/137\/revisions"}],"predecessor-version":[{"id":3042,"href":"https:\/\/www.rebus.ba\/en\/wp-json\/wp\/v2\/pages\/137\/revisions\/3042"}],"wp:attachment":[{"href":"https:\/\/www.rebus.ba\/en\/wp-json\/wp\/v2\/media?parent=137"}],"curies":[{"name":"wp","href":"https:\/\/api.w.org\/{rel}","templated":true}]}}