{"id":115,"date":"2016-02-04T14:25:27","date_gmt":"2016-02-04T14:25:27","guid":{"rendered":"http:\/\/rebus.ba\/?page_id=115"},"modified":"2024-01-08T13:07:05","modified_gmt":"2024-01-08T13:07:05","slug":"viritualizacija","status":"publish","type":"page","link":"https:\/\/www.rebus.ba\/en\/viritualizacija\/","title":{"rendered":"Viritualizacija"},"content":{"rendered":"<div class=\"wp-block-image\">\n<figure class=\"alignleft\"><a href=\"https:\/\/sejkan.com\/rebus\/wp-content\/uploads\/2016\/02\/virtualisation.jpg\" rel=\"attachment wp-att-122\"><img decoding=\"async\" width=\"300\" height=\"150\" src=\"https:\/\/sejkan.com\/rebus\/wp-content\/uploads\/2016\/02\/virtualisation-300x150.jpg\" alt=\"virtualisation\" class=\"wp-image-122\"\/><\/a><\/figure>\n<\/div>\n\n\n<p><br>Optimize your IT investments with our virtualization solutions<\/p>\n\n\n\n<p>If your company needs to increase its productivity and reduce costs, virtualization is the right solution for you. Whether you are a small or a large company, virtualization helps you save money or make better use of your IT equipment.<\/p>\n\n\n\n<p>For large users, in addition to planning and implementing new virtualization solutions, we offer optimization of existing ones, as well as their maintenance. This can help you optimize and reduce your IT costs while increasing productivity.<\/p>\n\n\n\n<p>Our solutions are based on VMware technology, which allows you to make the best possible use of hardware resources.<\/p>\n\n\n\n<p>Virtualization allows you to:<\/p>\n\n\n\n<ul class=\"wp-block-list\">\n<li><strong>Dynamic load balancing<\/strong> &#8211; pove\u0107ava efikasnost aplikacija<\/li>\n\n\n\n<li><strong>Simple disaster recovery<\/strong> &#8211; viritualne ma\u0161ine \u010dine ponovno podizanje servera jednostavnim<\/li>\n\n\n\n<li><strong>Unified software and applications<\/strong> &#8211; pokretanje razli\u010ditih operativnih sistema na istom hardweru<\/li>\n\n\n\n<li><strong>Server load consolidation and optimization<\/strong> &#8211; omogu\u0107ava vam da uradite vi\u0161e posla sa manje servera<\/li>\n\n\n\n<li><strong>Energy efficiency<\/strong> &#8211; zna\u010dajne u\u0161tede u potro\u0161nji energije<\/li>\n<\/ul>","protected":false},"excerpt":{"rendered":"<p>Optimizirajte va\u0161e IT investicije sa na\u0161im viritualizacijskim rje\u0161enjima Ukoliko va\u0161a firma ima potrebu da pove\u0107a svoju produktivnost, a smanji tro\u0161kove, viritualizacija je pravo rje\u0161enje za vas. Bilo da ste mala ili velika firma virtualizacija vam poma\u017ee da u\u0161tedite ili bolje iskoristite svoju IT opremu. Za velike korisnike pored planiranja i implementacije novih virtualizacijskih rje\u0161enja, nudimo [&hellip;]<\/p>","protected":false},"author":1,"featured_media":0,"parent":0,"menu_order":0,"comment_status":"closed","ping_status":"closed","template":"","meta":{"footnotes":""},"class_list":["post-115","page","type-page","status-publish","hentry"],"yoast_head":"<!-- This site is optimized with the Yoast SEO plugin v24.9 - https:\/\/yoast.com\/wordpress\/plugins\/seo\/ -->\n<title>Viritualizacija - Rebus d.o.o.<\/title>\n<meta name=\"robots\" content=\"index, follow, max-snippet:-1, max-image-preview:large, max-video-preview:-1\" \/>\n<link rel=\"canonical\" href=\"https:\/\/www.rebus.ba\/en\/viritualizacija\/\" \/>\n<meta property=\"og:locale\" content=\"en_GB\" \/>\n<meta property=\"og:type\" content=\"article\" \/>\n<meta property=\"og:title\" content=\"Viritualizacija - Rebus d.o.o.\" \/>\n<meta property=\"og:description\" content=\"Optimizirajte va\u0161e IT investicije sa na\u0161im viritualizacijskim rje\u0161enjima Ukoliko va\u0161a firma ima potrebu da pove\u0107a svoju produktivnost, a smanji tro\u0161kove, viritualizacija je pravo rje\u0161enje za vas. Bilo da ste mala ili velika firma virtualizacija vam poma\u017ee da u\u0161tedite ili bolje iskoristite svoju IT opremu. Za velike korisnike pored planiranja i implementacije novih virtualizacijskih rje\u0161enja, nudimo [&hellip;]\" \/>\n<meta property=\"og:url\" content=\"https:\/\/www.rebus.ba\/en\/viritualizacija\/\" \/>\n<meta property=\"og:site_name\" content=\"Rebus d.o.o.\" \/>\n<meta property=\"article:modified_time\" content=\"2024-01-08T13:07:05+00:00\" \/>\n<meta property=\"og:image\" content=\"https:\/\/sejkan.com\/rebus\/wp-content\/uploads\/2016\/02\/virtualisation-300x150.jpg\" \/>\n<meta name=\"twitter:card\" content=\"summary_large_image\" \/>\n<meta name=\"twitter:label1\" content=\"Estimated reading time\" \/>\n\t<meta name=\"twitter:data1\" content=\"1 minute\" \/>\n<script type=\"application\/ld+json\" class=\"yoast-schema-graph\">{\"@context\":\"https:\/\/schema.org\",\"@graph\":[{\"@type\":\"WebPage\",\"@id\":\"https:\/\/www.rebus.ba\/viritualizacija\/\",\"url\":\"https:\/\/www.rebus.ba\/viritualizacija\/\",\"name\":\"Viritualizacija - Rebus d.o.o.\",\"isPartOf\":{\"@id\":\"https:\/\/www.rebus.ba\/#website\"},\"primaryImageOfPage\":{\"@id\":\"https:\/\/www.rebus.ba\/viritualizacija\/#primaryimage\"},\"image\":{\"@id\":\"https:\/\/www.rebus.ba\/viritualizacija\/#primaryimage\"},\"thumbnailUrl\":\"https:\/\/sejkan.com\/rebus\/wp-content\/uploads\/2016\/02\/virtualisation-300x150.jpg\",\"datePublished\":\"2016-02-04T14:25:27+00:00\",\"dateModified\":\"2024-01-08T13:07:05+00:00\",\"breadcrumb\":{\"@id\":\"https:\/\/www.rebus.ba\/viritualizacija\/#breadcrumb\"},\"inLanguage\":\"en-GB\",\"potentialAction\":[{\"@type\":\"ReadAction\",\"target\":[\"https:\/\/www.rebus.ba\/viritualizacija\/\"]}]},{\"@type\":\"ImageObject\",\"inLanguage\":\"en-GB\",\"@id\":\"https:\/\/www.rebus.ba\/viritualizacija\/#primaryimage\",\"url\":\"https:\/\/sejkan.com\/rebus\/wp-content\/uploads\/2016\/02\/virtualisation-300x150.jpg\",\"contentUrl\":\"https:\/\/sejkan.com\/rebus\/wp-content\/uploads\/2016\/02\/virtualisation-300x150.jpg\"},{\"@type\":\"BreadcrumbList\",\"@id\":\"https:\/\/www.rebus.ba\/viritualizacija\/#breadcrumb\",\"itemListElement\":[{\"@type\":\"ListItem\",\"position\":1,\"name\":\"Home\",\"item\":\"https:\/\/www.rebus.ba\/\"},{\"@type\":\"ListItem\",\"position\":2,\"name\":\"Viritualizacija\"}]},{\"@type\":\"WebSite\",\"@id\":\"https:\/\/www.rebus.ba\/#website\",\"url\":\"https:\/\/www.rebus.ba\/\",\"name\":\"Rebus d.o.o.\",\"description\":\"\",\"potentialAction\":[{\"@type\":\"SearchAction\",\"target\":{\"@type\":\"EntryPoint\",\"urlTemplate\":\"https:\/\/www.rebus.ba\/?s={search_term_string}\"},\"query-input\":{\"@type\":\"PropertyValueSpecification\",\"valueRequired\":true,\"valueName\":\"search_term_string\"}}],\"inLanguage\":\"en-GB\"}]}<\/script>\n<!-- \/ Yoast SEO plugin. -->","yoast_head_json":{"title":"Viritualizacija - Rebus d.o.o.","robots":{"index":"index","follow":"follow","max-snippet":"max-snippet:-1","max-image-preview":"max-image-preview:large","max-video-preview":"max-video-preview:-1"},"canonical":"https:\/\/www.rebus.ba\/en\/viritualizacija\/","og_locale":"en_GB","og_type":"article","og_title":"Viritualizacija - Rebus d.o.o.","og_description":"Optimizirajte va\u0161e IT investicije sa na\u0161im viritualizacijskim rje\u0161enjima Ukoliko va\u0161a firma ima potrebu da pove\u0107a svoju produktivnost, a smanji tro\u0161kove, viritualizacija je pravo rje\u0161enje za vas. Bilo da ste mala ili velika firma virtualizacija vam poma\u017ee da u\u0161tedite ili bolje iskoristite svoju IT opremu. Za velike korisnike pored planiranja i implementacije novih virtualizacijskih rje\u0161enja, nudimo [&hellip;]","og_url":"https:\/\/www.rebus.ba\/en\/viritualizacija\/","og_site_name":"Rebus d.o.o.","article_modified_time":"2024-01-08T13:07:05+00:00","og_image":[{"url":"https:\/\/sejkan.com\/rebus\/wp-content\/uploads\/2016\/02\/virtualisation-300x150.jpg","type":"","width":"","height":""}],"twitter_card":"summary_large_image","twitter_misc":{"Estimated reading time":"1 minute"},"schema":{"@context":"https:\/\/schema.org","@graph":[{"@type":"WebPage","@id":"https:\/\/www.rebus.ba\/viritualizacija\/","url":"https:\/\/www.rebus.ba\/viritualizacija\/","name":"Viritualizacija - Rebus d.o.o.","isPartOf":{"@id":"https:\/\/www.rebus.ba\/#website"},"primaryImageOfPage":{"@id":"https:\/\/www.rebus.ba\/viritualizacija\/#primaryimage"},"image":{"@id":"https:\/\/www.rebus.ba\/viritualizacija\/#primaryimage"},"thumbnailUrl":"https:\/\/sejkan.com\/rebus\/wp-content\/uploads\/2016\/02\/virtualisation-300x150.jpg","datePublished":"2016-02-04T14:25:27+00:00","dateModified":"2024-01-08T13:07:05+00:00","breadcrumb":{"@id":"https:\/\/www.rebus.ba\/viritualizacija\/#breadcrumb"},"inLanguage":"en-GB","potentialAction":[{"@type":"ReadAction","target":["https:\/\/www.rebus.ba\/viritualizacija\/"]}]},{"@type":"ImageObject","inLanguage":"en-GB","@id":"https:\/\/www.rebus.ba\/viritualizacija\/#primaryimage","url":"https:\/\/sejkan.com\/rebus\/wp-content\/uploads\/2016\/02\/virtualisation-300x150.jpg","contentUrl":"https:\/\/sejkan.com\/rebus\/wp-content\/uploads\/2016\/02\/virtualisation-300x150.jpg"},{"@type":"BreadcrumbList","@id":"https:\/\/www.rebus.ba\/viritualizacija\/#breadcrumb","itemListElement":[{"@type":"ListItem","position":1,"name":"Home","item":"https:\/\/www.rebus.ba\/"},{"@type":"ListItem","position":2,"name":"Viritualizacija"}]},{"@type":"WebSite","@id":"https:\/\/www.rebus.ba\/#website","url":"https:\/\/www.rebus.ba\/","name":"Rebus d.o.o.","description":"","potentialAction":[{"@type":"SearchAction","target":{"@type":"EntryPoint","urlTemplate":"https:\/\/www.rebus.ba\/?s={search_term_string}"},"query-input":{"@type":"PropertyValueSpecification","valueRequired":true,"valueName":"search_term_string"}}],"inLanguage":"en-GB"}]}},"jetpack_sharing_enabled":true,"_links":{"self":[{"href":"https:\/\/www.rebus.ba\/en\/wp-json\/wp\/v2\/pages\/115","targetHints":{"allow":["GET"]}}],"collection":[{"href":"https:\/\/www.rebus.ba\/en\/wp-json\/wp\/v2\/pages"}],"about":[{"href":"https:\/\/www.rebus.ba\/en\/wp-json\/wp\/v2\/types\/page"}],"author":[{"embeddable":true,"href":"https:\/\/www.rebus.ba\/en\/wp-json\/wp\/v2\/users\/1"}],"replies":[{"embeddable":true,"href":"https:\/\/www.rebus.ba\/en\/wp-json\/wp\/v2\/comments?post=115"}],"version-history":[{"count":2,"href":"https:\/\/www.rebus.ba\/en\/wp-json\/wp\/v2\/pages\/115\/revisions"}],"predecessor-version":[{"id":3040,"href":"https:\/\/www.rebus.ba\/en\/wp-json\/wp\/v2\/pages\/115\/revisions\/3040"}],"wp:attachment":[{"href":"https:\/\/www.rebus.ba\/en\/wp-json\/wp\/v2\/media?parent=115"}],"curies":[{"name":"wp","href":"https:\/\/api.w.org\/{rel}","templated":true}]}}