{"id":112,"date":"2016-02-04T14:10:39","date_gmt":"2016-02-04T14:10:39","guid":{"rendered":"http:\/\/rebus.ba\/?page_id=112"},"modified":"2024-01-09T11:49:13","modified_gmt":"2024-01-09T11:49:13","slug":"rjesenja","status":"publish","type":"page","link":"https:\/\/www.rebus.ba\/en\/rjesenja\/","title":{"rendered":"Rjesenja"},"content":{"rendered":"<h2 class=\"wp-block-heading\">Technological solutions that facilitate your business<\/h2>\n\n\n\n<p>Mnoge male i velike firme imaju problema oko planiranja, nabavke ili implementacije IT rje\u0161enja u svom poslovnom okru\u017eenju. Do tih problema dolazi bilo zbog nedostatka ljudskih resursa ili njihove nedovoljne stru\u010dnosti ili vrlo \u010desto preoptere\u0107enosti poslom.<\/p>\n\n\n\n<p>Bilo o kom razlogu da je rije\u010d, mi vam poma\u017eemo da dr\u017eite va\u0161e IT tro\u0161kove u planiranim okvirima, izbjegnete nepredvi\u0111enje probleme, komunicirate efikasnije ili planirate kontinuitet poslovanja.<\/p>\n\n\n\n<p>Sa na\u0161im IT rje\u0161enjima dobijate:<\/p>\n\n\n\n<ul class=\"wp-block-list\">\n<li>Virtualizacija<\/li>\n\n\n\n<li>Backup podataka<\/li>\n\n\n\n<li>Disaster recovery<\/li>\n\n\n\n<li>Security<\/li>\n\n\n\n<li>Outsourcing<\/li>\n<\/ul>","protected":false},"excerpt":{"rendered":"<p>Tehnolo\u0161ka rje\u0161enja koja olak\u0161avaju va\u0161e poslovanje Mnoge male i velike firme imaju problema oko planiranja, nabavke ili implementacije IT rje\u0161enja u svom poslovnom okru\u017eenju. Do tih problema dolazi bilo zbog nedostatka ljudskih resursa ili njihove nedovoljne stru\u010dnosti ili vrlo \u010desto preoptere\u0107enosti poslom. Bilo o kom razlogu da je rije\u010d, mi vam poma\u017eemo da dr\u017eite va\u0161e [&hellip;]<\/p>","protected":false},"author":1,"featured_media":0,"parent":0,"menu_order":0,"comment_status":"closed","ping_status":"closed","template":"","meta":{"footnotes":""},"class_list":["post-112","page","type-page","status-publish","hentry"],"yoast_head":"<!-- This site is optimized with the Yoast SEO plugin v24.9 - https:\/\/yoast.com\/wordpress\/plugins\/seo\/ -->\n<title>Rjesenja - Rebus d.o.o.<\/title>\n<meta name=\"robots\" content=\"index, follow, max-snippet:-1, max-image-preview:large, max-video-preview:-1\" \/>\n<link rel=\"canonical\" href=\"https:\/\/www.rebus.ba\/en\/rjesenja\/\" \/>\n<meta property=\"og:locale\" content=\"en_GB\" \/>\n<meta property=\"og:type\" content=\"article\" \/>\n<meta property=\"og:title\" content=\"Rjesenja - Rebus d.o.o.\" \/>\n<meta property=\"og:description\" content=\"Tehnolo\u0161ka rje\u0161enja koja olak\u0161avaju va\u0161e poslovanje Mnoge male i velike firme imaju problema oko planiranja, nabavke ili implementacije IT rje\u0161enja u svom poslovnom okru\u017eenju. Do tih problema dolazi bilo zbog nedostatka ljudskih resursa ili njihove nedovoljne stru\u010dnosti ili vrlo \u010desto preoptere\u0107enosti poslom. Bilo o kom razlogu da je rije\u010d, mi vam poma\u017eemo da dr\u017eite va\u0161e [&hellip;]\" \/>\n<meta property=\"og:url\" content=\"https:\/\/www.rebus.ba\/en\/rjesenja\/\" \/>\n<meta property=\"og:site_name\" content=\"Rebus d.o.o.\" \/>\n<meta property=\"article:modified_time\" content=\"2024-01-09T11:49:13+00:00\" \/>\n<meta name=\"twitter:card\" content=\"summary_large_image\" \/>\n<meta name=\"twitter:label1\" content=\"Estimated reading time\" \/>\n\t<meta name=\"twitter:data1\" content=\"1 minute\" \/>\n<script type=\"application\/ld+json\" class=\"yoast-schema-graph\">{\"@context\":\"https:\/\/schema.org\",\"@graph\":[{\"@type\":\"WebPage\",\"@id\":\"https:\/\/www.rebus.ba\/rjesenja\/\",\"url\":\"https:\/\/www.rebus.ba\/rjesenja\/\",\"name\":\"Rjesenja - Rebus d.o.o.\",\"isPartOf\":{\"@id\":\"https:\/\/www.rebus.ba\/#website\"},\"datePublished\":\"2016-02-04T14:10:39+00:00\",\"dateModified\":\"2024-01-09T11:49:13+00:00\",\"breadcrumb\":{\"@id\":\"https:\/\/www.rebus.ba\/rjesenja\/#breadcrumb\"},\"inLanguage\":\"en-GB\",\"potentialAction\":[{\"@type\":\"ReadAction\",\"target\":[\"https:\/\/www.rebus.ba\/rjesenja\/\"]}]},{\"@type\":\"BreadcrumbList\",\"@id\":\"https:\/\/www.rebus.ba\/rjesenja\/#breadcrumb\",\"itemListElement\":[{\"@type\":\"ListItem\",\"position\":1,\"name\":\"Home\",\"item\":\"https:\/\/www.rebus.ba\/\"},{\"@type\":\"ListItem\",\"position\":2,\"name\":\"Rjesenja\"}]},{\"@type\":\"WebSite\",\"@id\":\"https:\/\/www.rebus.ba\/#website\",\"url\":\"https:\/\/www.rebus.ba\/\",\"name\":\"Rebus d.o.o.\",\"description\":\"\",\"potentialAction\":[{\"@type\":\"SearchAction\",\"target\":{\"@type\":\"EntryPoint\",\"urlTemplate\":\"https:\/\/www.rebus.ba\/?s={search_term_string}\"},\"query-input\":{\"@type\":\"PropertyValueSpecification\",\"valueRequired\":true,\"valueName\":\"search_term_string\"}}],\"inLanguage\":\"en-GB\"}]}<\/script>\n<!-- \/ Yoast SEO plugin. -->","yoast_head_json":{"title":"Rjesenja - Rebus d.o.o.","robots":{"index":"index","follow":"follow","max-snippet":"max-snippet:-1","max-image-preview":"max-image-preview:large","max-video-preview":"max-video-preview:-1"},"canonical":"https:\/\/www.rebus.ba\/en\/rjesenja\/","og_locale":"en_GB","og_type":"article","og_title":"Rjesenja - Rebus d.o.o.","og_description":"Tehnolo\u0161ka rje\u0161enja koja olak\u0161avaju va\u0161e poslovanje Mnoge male i velike firme imaju problema oko planiranja, nabavke ili implementacije IT rje\u0161enja u svom poslovnom okru\u017eenju. Do tih problema dolazi bilo zbog nedostatka ljudskih resursa ili njihove nedovoljne stru\u010dnosti ili vrlo \u010desto preoptere\u0107enosti poslom. Bilo o kom razlogu da je rije\u010d, mi vam poma\u017eemo da dr\u017eite va\u0161e [&hellip;]","og_url":"https:\/\/www.rebus.ba\/en\/rjesenja\/","og_site_name":"Rebus d.o.o.","article_modified_time":"2024-01-09T11:49:13+00:00","twitter_card":"summary_large_image","twitter_misc":{"Estimated reading time":"1 minute"},"schema":{"@context":"https:\/\/schema.org","@graph":[{"@type":"WebPage","@id":"https:\/\/www.rebus.ba\/rjesenja\/","url":"https:\/\/www.rebus.ba\/rjesenja\/","name":"Rjesenja - Rebus d.o.o.","isPartOf":{"@id":"https:\/\/www.rebus.ba\/#website"},"datePublished":"2016-02-04T14:10:39+00:00","dateModified":"2024-01-09T11:49:13+00:00","breadcrumb":{"@id":"https:\/\/www.rebus.ba\/rjesenja\/#breadcrumb"},"inLanguage":"en-GB","potentialAction":[{"@type":"ReadAction","target":["https:\/\/www.rebus.ba\/rjesenja\/"]}]},{"@type":"BreadcrumbList","@id":"https:\/\/www.rebus.ba\/rjesenja\/#breadcrumb","itemListElement":[{"@type":"ListItem","position":1,"name":"Home","item":"https:\/\/www.rebus.ba\/"},{"@type":"ListItem","position":2,"name":"Rjesenja"}]},{"@type":"WebSite","@id":"https:\/\/www.rebus.ba\/#website","url":"https:\/\/www.rebus.ba\/","name":"Rebus d.o.o.","description":"","potentialAction":[{"@type":"SearchAction","target":{"@type":"EntryPoint","urlTemplate":"https:\/\/www.rebus.ba\/?s={search_term_string}"},"query-input":{"@type":"PropertyValueSpecification","valueRequired":true,"valueName":"search_term_string"}}],"inLanguage":"en-GB"}]}},"jetpack_sharing_enabled":true,"_links":{"self":[{"href":"https:\/\/www.rebus.ba\/en\/wp-json\/wp\/v2\/pages\/112","targetHints":{"allow":["GET"]}}],"collection":[{"href":"https:\/\/www.rebus.ba\/en\/wp-json\/wp\/v2\/pages"}],"about":[{"href":"https:\/\/www.rebus.ba\/en\/wp-json\/wp\/v2\/types\/page"}],"author":[{"embeddable":true,"href":"https:\/\/www.rebus.ba\/en\/wp-json\/wp\/v2\/users\/1"}],"replies":[{"embeddable":true,"href":"https:\/\/www.rebus.ba\/en\/wp-json\/wp\/v2\/comments?post=112"}],"version-history":[{"count":2,"href":"https:\/\/www.rebus.ba\/en\/wp-json\/wp\/v2\/pages\/112\/revisions"}],"predecessor-version":[{"id":3532,"href":"https:\/\/www.rebus.ba\/en\/wp-json\/wp\/v2\/pages\/112\/revisions\/3532"}],"wp:attachment":[{"href":"https:\/\/www.rebus.ba\/en\/wp-json\/wp\/v2\/media?parent=112"}],"curies":[{"name":"wp","href":"https:\/\/api.w.org\/{rel}","templated":true}]}}